{"id":1564,"date":"2023-12-11T11:32:32","date_gmt":"2023-12-11T11:32:32","guid":{"rendered":"https:\/\/fernandezvera.com\/politica-de-cookies"},"modified":"2024-04-02T18:43:51","modified_gmt":"2024-04-02T18:43:51","slug":"politica-de-cookies","status":"publish","type":"page","link":"https:\/\/www.fernandezvera.com\/es\/politica-de-cookies","title":{"rendered":"Pol\u00edtica de cookies"},"content":{"rendered":"\t\t<div data-elementor-type=\"wp-page\" data-elementor-id=\"1564\" class=\"elementor elementor-1564 elementor-40\" data-elementor-settings=\"{&quot;premium_particles_zindex&quot;:0,&quot;premium_particles_responsive&quot;:[&quot;desktop&quot;,&quot;tablet&quot;,&quot;mobile&quot;]}\" data-elementor-post-type=\"page\">\n\t\t\t\t<div class=\"elementor-element elementor-element-46962c5e e-con-full e-flex e-con e-parent\" data-id=\"46962c5e\" data-element_type=\"container\" data-settings=\"{&quot;background_background&quot;:&quot;classic&quot;,&quot;premium_particles_zindex&quot;:0,&quot;premium_particles_responsive&quot;:[&quot;desktop&quot;,&quot;tablet&quot;,&quot;mobile&quot;]}\" data-core-v316-plus=\"true\">\n\t\t<div class=\"elementor-element elementor-element-15c6f29c e-con-full elementor-hidden-tablet elementor-hidden-mobile_extra elementor-hidden-mobile e-flex e-con e-child\" data-id=\"15c6f29c\" data-element_type=\"container\" data-settings=\"{&quot;background_background&quot;:&quot;classic&quot;,&quot;premium_particles_zindex&quot;:0,&quot;premium_particles_responsive&quot;:[&quot;desktop&quot;,&quot;tablet&quot;,&quot;mobile&quot;]}\">\n\t\t\t\t<\/div>\n\t\t<div class=\"elementor-element elementor-element-32192015 e-con-full e-flex e-con e-child\" data-id=\"32192015\" data-element_type=\"container\" data-settings=\"{&quot;premium_particles_zindex&quot;:0,&quot;premium_particles_responsive&quot;:[&quot;desktop&quot;,&quot;tablet&quot;,&quot;mobile&quot;]}\">\n\t\t<div class=\"elementor-element elementor-element-695607d e-con-full e-flex e-con e-child\" data-id=\"695607d\" data-element_type=\"container\" data-settings=\"{&quot;premium_particles_zindex&quot;:0,&quot;premium_particles_responsive&quot;:[&quot;desktop&quot;,&quot;tablet&quot;,&quot;mobile&quot;]}\">\n\t\t\t\t<div class=\"elementor-element elementor-element-35a077a6 elementor-widget__width-initial elementor-widget elementor-widget-heading\" data-id=\"35a077a6\" data-element_type=\"widget\" data-widget_type=\"heading.default\">\n\t\t\t\t<div class=\"elementor-widget-container\">\n\t\t\t<style>\/*! elementor - v3.20.0 - 13-03-2024 *\/\n.elementor-heading-title{padding:0;margin:0;line-height:1}.elementor-widget-heading .elementor-heading-title[class*=elementor-size-]>a{color:inherit;font-size:inherit;line-height:inherit}.elementor-widget-heading .elementor-heading-title.elementor-size-small{font-size:15px}.elementor-widget-heading .elementor-heading-title.elementor-size-medium{font-size:19px}.elementor-widget-heading .elementor-heading-title.elementor-size-large{font-size:29px}.elementor-widget-heading .elementor-heading-title.elementor-size-xl{font-size:39px}.elementor-widget-heading .elementor-heading-title.elementor-size-xxl{font-size:59px}<\/style><h1 class=\"elementor-heading-title elementor-size-default\">POL\u00cdTICA DE COOKIES www.fernandezvera.com<\/h1>\t\t<\/div>\n\t\t\t\t<\/div>\n\t\t\t\t<div class=\"elementor-element elementor-element-476c4304 elementor-widget elementor-widget-text-editor\" data-id=\"476c4304\" data-element_type=\"widget\" data-widget_type=\"text-editor.default\">\n\t\t\t\t<div class=\"elementor-widget-container\">\n\t\t\t<style>\/*! elementor - v3.20.0 - 13-03-2024 *\/\n.elementor-widget-text-editor.elementor-drop-cap-view-stacked .elementor-drop-cap{background-color:#69727d;color:#fff}.elementor-widget-text-editor.elementor-drop-cap-view-framed .elementor-drop-cap{color:#69727d;border:3px solid;background-color:transparent}.elementor-widget-text-editor:not(.elementor-drop-cap-view-default) .elementor-drop-cap{margin-top:8px}.elementor-widget-text-editor:not(.elementor-drop-cap-view-default) .elementor-drop-cap-letter{width:1em;height:1em}.elementor-widget-text-editor .elementor-drop-cap{float:left;text-align:center;line-height:1;font-size:50px}.elementor-widget-text-editor .elementor-drop-cap-letter{display:inline-block}<\/style>\t\t\t\t<p>EL ACCESO A ESTE SITIO WEB PUEDE IMPLICAR EL USO DE COOKIES. LAS COOKIES SON PEQUE\u00d1AS CANTIDADES DE INFORMACI\u00d3N QUE SE ALMACENAN EN EL NAVEGADOR UTILIZADO POR CADA USUARIO -EN LOS DIFERENTES DISPOSITIVOS QUE PUEDA UTILIZAR PARA NAVEGAR- DE MANERA QUE EL SERVIDOR RECUERDA CIERTA INFORMACI\u00d3N QUE POSTERIORMENTE Y S\u00d3LO EL SERVIDOR QUE LA IMPLEMENT\u00d3 LEER\u00c1. LAS COOKIES FACILITAN LA NAVEGACI\u00d3N, LA HACEN M\u00c1S AMIGABLE Y NO DA\u00d1AN EL DISPOSITIVO DE NAVEGACI\u00d3N.<\/p>\n<p>LAS COOKIES SON PROCEDIMIENTOS AUTOM\u00c1TICOS DE RECOGIDA DE INFORMACI\u00d3N RELATIVA A LAS PREFERENCIAS DETERMINADAS POR EL USUARIO DURANTE SU VISITA AL SITIO WEB CON EL FIN DE RECONOCERLE COMO USUARIO, Y PERSONALIZAR SU EXPERIENCIA Y USO DEL SITIO WEB, PUDIENDO TAMBI\u00c9N, POR EJEMPLO, AYUDAR A IDENTIFICAR Y RESOLVER ERRORES.<\/p>\n<p>LA INFORMACI\u00d3N RECOGIDA A TRAV\u00c9S DE LAS COOKIES PUEDE INCLUIR LA FECHA Y HORA DE LAS VISITAS AL SITIO WEB, LAS P\u00c1GINAS VISITADAS, EL TIEMPO QUE HA PASADO EN EL SITIO WEB Y LOS SITIOS VISITADOS JUSTO ANTES Y DESPU\u00c9S DEL SITIO WEB. SIN EMBARGO, NINGUNA COOKIE LE PERMITE PONERSE EN CONTACTO CON EL N\u00daMERO DE TEL\u00c9FONO DEL USUARIO O CUALQUIER OTRO MEDIO DE CONTACTO PERSONAL. NINGUNA COOKIE PUEDE EXTRAER INFORMACI\u00d3N DEL DISCO DURO DEL USUARIO O ROBAR INFORMACI\u00d3N PERSONAL. LA \u00daNICA MANERA DE QUE LA INFORMACI\u00d3N PRIVADA DEL USUARIO FORME PARTE DEL ARCHIVO COOKIE ES QUE EL USUARIO D\u00c9 PERSONALMENTE ESA INFORMACI\u00d3N AL SERVIDOR.<\/p>\n<p>LAS COOKIES QUE PERMITEN IDENTIFICAR A UNA PERSONA SE CONSIDERAN DATOS PERSONALES. POR LO QUE SE LES APLICAR\u00c1 LA POL\u00cdTICA DE PRIVACIDAD DESCRITA ANTERIORMENTE. EN ESTE SENTIDO, SER\u00c1 NECESARIO EL CONSENTIMIENTO DEL USUARIO PARA UTILIZARLOS. ESTE CONSENTIMIENTO SE COMUNICAR\u00c1, BAS\u00c1NDOSE EN UNA ELECCI\u00d3N AUT\u00c9NTICA, OFRECIDA POR UNA DECISI\u00d3N AFIRMATIVA Y POSITIVA, ANTES DEL TRATAMIENTO INICIAL, EXTRA\u00cdBLE Y DOCUMENTADA.<\/p>\n<p>COOKIES PROPIAS<\/p>\n<p>SON AQUELLAS COOKIES QUE SON ENVIADAS AL ORDENADOR O DISPOSITIVO DEL USUARIO Y GESTIONADAS EXCLUSIVAMENTE POR FDEZ&amp;VERA PARA EL MEJOR FUNCIONAMIENTO DEL SITIO WEB. LA INFORMACI\u00d3N RECOPILADA SE UTILIZA PARA MEJORAR LA CALIDAD DEL SITIO WEB Y SU CONTENIDO, AS\u00cd COMO SU EXPERIENCIA COMO USUARIO. ESTAS COOKIES PERMITEN RECONOCER AL USUARIO QUE VUELVE A VISITAR EL SITIO WEB Y ADAPTAR EL CONTENIDO PARA OFRECERLE CONTENIDOS QUE SE AJUSTEN A SUS PREFERENCIAS.<\/p>\n<p>COOKIES DE REDES SOCIALES<\/p>\n<p>FDEZ&amp;VERA INCORPORA PLUGINS DE REDES SOCIALES, QUE PERMITEN ACCEDER A ELLAS DESDE EL SITIO WEB. POR ESTE MOTIVO, LAS COOKIES DE LAS REDES SOCIALES PUEDEN ALMACENARSE EN EL NAVEGADOR DEL USUARIO. LOS PROPIETARIOS DE DICHAS REDES SOCIALES TIENEN SUS PROPIAS POL\u00cdTICAS DE PROTECCI\u00d3N DE DATOS Y DE COOKIES, SIENDO ELLOS MISMOS, EN CADA CASO, LOS RESPONSABLES DE SUS PROPIOS FICHEROS Y DE SUS PROPIAS PR\u00c1CTICAS DE PRIVACIDAD. EL USUARIO DEBER\u00c1 REMITIRSE A ELLAS PARA INFORMARSE SOBRE DICHAS COOKIES Y, EN SU CASO, SOBRE EL TRATAMIENTO DE SUS DATOS PERSONALES. A T\u00cdTULO MERAMENTE INFORMATIVO, LOS ENLACES INDICADOS A CONTINUACI\u00d3N EN LOS QUE PODR\u00c1 CONSULTAR DICHAS POL\u00cdTICAS DE PRIVACIDAD Y\/O COOKIES:<\/p>\n<p>FACEBOOK: HTTPS:\/\/WWW.FACEBOOK.COM\/POLICIES\/COOKIES\/<br \/>TWITTER: HTTPS:\/\/TWITTER.COM\/ES\/PRIVACIDAD<br \/>INSTAGRAM: HTTPS:\/\/HELP.INSTAGRAM.COM\/1896641480634370?REF=IG<br \/>YOUTUBE: HTTPS:\/\/POLICIES.GOOGLE.COM\/PRIVACY?HL=ES-419&amp;GL=MX<br \/>PINTEREST: HTTPS:\/\/POLICY.PINTEREST.COM\/ES\/PRIVACY-POLICY<br \/>LINKEDIN: HTTPS:\/\/WWW.LINKEDIN.COM\/LEGAL\/COOKIE-POLICY?TRK=HP-COOKIES<\/p>\n<p>DESACTIVAR, RECHAZAR Y ELIMINAR COOKIES<\/p>\n<p>EL USUARIO PODR\u00c1 DESACTIVAR, RECHAZAR Y ELIMINAR LAS COOKIES -TOTAL O PARCIALMENTE- INSTALADAS EN SU DISPOSITIVO A TRAV\u00c9S DE LA CONFIGURACI\u00d3N DE SU NAVEGADOR (ENTRE LOS QUE SE INCLUYEN, POR EJEMPLO, CHROME, FIREFOX, SAFARI, EXPLORER). EN ESTE SENTIDO, LOS PROCEDIMIENTOS PARA RECHAZAR Y ELIMINAR COOKIES PUEDEN DIFERIR DE UN NAVEGADOR DE INTERNET A OTRO. EN CONSECUENCIA, EL USUARIO DEBE SEGUIR LAS INSTRUCCIONES PROPORCIONADAS POR EL NAVEGADOR DE INTERNET QUE UTILICE. SI RECHAZA EL USO DE COOKIES -TOTAL O PARCIALMENTE- PODR\u00c1 SEGUIR UTILIZANDO EL SITIO WEB, AUNQUE ES POSIBLE QUE TENGA LIMITADO EL USO DE ALGUNAS DE SUS FUNCIONES.<\/p>\n\t\t\t\t\t\t<\/div>\n\t\t\t\t<\/div>\n\t\t\t\t<\/div>\n\t\t\t\t<\/div>\n\t\t\t\t<\/div>\n\t\t<div class=\"elementor-element elementor-element-9229cbc e-flex e-con-boxed e-con e-parent\" data-id=\"9229cbc\" data-element_type=\"container\" data-settings=\"{&quot;background_background&quot;:&quot;classic&quot;,&quot;premium_particles_zindex&quot;:0,&quot;premium_particles_responsive&quot;:[&quot;desktop&quot;,&quot;tablet&quot;,&quot;mobile&quot;]}\" data-core-v316-plus=\"true\">\n\t\t\t\t\t<div class=\"e-con-inner\">\n\t\t<div class=\"elementor-element elementor-element-78d7ebb6 e-flex e-con-boxed e-con e-child\" data-id=\"78d7ebb6\" data-element_type=\"container\" data-settings=\"{&quot;background_background&quot;:&quot;classic&quot;,&quot;premium_particles_zindex&quot;:0,&quot;premium_particles_responsive&quot;:[&quot;desktop&quot;,&quot;tablet&quot;,&quot;mobile&quot;]}\">\n\t\t\t\t\t<div class=\"e-con-inner\">\n\t\t\t\t\t<\/div>\n\t\t\t\t<\/div>\n\t\t\t\t\t<\/div>\n\t\t\t\t<\/div>\n\t\t\t\t<\/div>\n\t\t","protected":false},"excerpt":{"rendered":"<p>POL\u00cdTICA DE COOKIES www.fernandezvera.com EL ACCESO A ESTE SITIO WEB PUEDE IMPLICAR EL USO DE COOKIES. LAS COOKIES SON PEQUE\u00d1AS CANTIDADES DE INFORMACI\u00d3N QUE SE ALMACENAN EN EL NAVEGADOR UTILIZADO POR CADA USUARIO -EN LOS DIFERENTES DISPOSITIVOS QUE PUEDA UTILIZAR PARA NAVEGAR- DE MANERA QUE EL SERVIDOR RECUERDA CIERTA INFORMACI\u00d3N QUE POSTERIORMENTE Y S\u00d3LO EL [&hellip;]<\/p>\n","protected":false},"author":2,"featured_media":0,"parent":0,"menu_order":0,"comment_status":"closed","ping_status":"closed","template":"elementor_header_footer","meta":{"_acf_changed":false,"footnotes":""},"class_list":["post-1564","page","type-page","status-publish","hentry"],"acf":[],"yoast_head":"<!-- This site is optimized with the Yoast SEO plugin v23.1 - https:\/\/yoast.com\/wordpress\/plugins\/seo\/ -->\n<title>Pol\u00edtica de cookies - FERN\u00c1NDEZ VERA<\/title>\n<meta name=\"robots\" content=\"index, follow, max-snippet:-1, max-image-preview:large, max-video-preview:-1\" \/>\n<link rel=\"canonical\" href=\"https:\/\/www.fernandezvera.com\/es\/politica-de-cookies\" \/>\n<meta property=\"og:locale\" content=\"es_ES\" \/>\n<meta property=\"og:type\" content=\"article\" \/>\n<meta property=\"og:title\" content=\"Pol\u00edtica de cookies - FERN\u00c1NDEZ VERA\" \/>\n<meta property=\"og:description\" content=\"POL\u00cdTICA DE COOKIES www.fernandezvera.com EL ACCESO A ESTE SITIO WEB PUEDE IMPLICAR EL USO DE COOKIES. LAS COOKIES SON PEQUE\u00d1AS CANTIDADES DE INFORMACI\u00d3N QUE SE ALMACENAN EN EL NAVEGADOR UTILIZADO POR CADA USUARIO -EN LOS DIFERENTES DISPOSITIVOS QUE PUEDA UTILIZAR PARA NAVEGAR- DE MANERA QUE EL SERVIDOR RECUERDA CIERTA INFORMACI\u00d3N QUE POSTERIORMENTE Y S\u00d3LO EL [&hellip;]\" \/>\n<meta property=\"og:url\" content=\"https:\/\/www.fernandezvera.com\/es\/politica-de-cookies\" \/>\n<meta property=\"og:site_name\" content=\"FERN\u00c1NDEZ VERA\" \/>\n<meta property=\"article:modified_time\" content=\"2024-04-02T18:43:51+00:00\" \/>\n<meta name=\"twitter:card\" content=\"summary_large_image\" \/>\n<meta name=\"twitter:label1\" content=\"Tiempo de lectura\" \/>\n\t<meta name=\"twitter:data1\" content=\"3 minutos\" \/>\n<script type=\"application\/ld+json\" class=\"yoast-schema-graph\">{\"@context\":\"https:\/\/schema.org\",\"@graph\":[{\"@type\":\"WebPage\",\"@id\":\"https:\/\/www.fernandezvera.com\/es\/politica-de-cookies\",\"url\":\"https:\/\/www.fernandezvera.com\/es\/politica-de-cookies\",\"name\":\"Pol\u00edtica de cookies - FERN\u00c1NDEZ VERA\",\"isPartOf\":{\"@id\":\"https:\/\/www.fernandezvera.com\/#website\"},\"datePublished\":\"2023-12-11T11:32:32+00:00\",\"dateModified\":\"2024-04-02T18:43:51+00:00\",\"breadcrumb\":{\"@id\":\"https:\/\/www.fernandezvera.com\/es\/politica-de-cookies#breadcrumb\"},\"inLanguage\":\"es\",\"potentialAction\":[{\"@type\":\"ReadAction\",\"target\":[\"https:\/\/www.fernandezvera.com\/es\/politica-de-cookies\"]}]},{\"@type\":\"BreadcrumbList\",\"@id\":\"https:\/\/www.fernandezvera.com\/es\/politica-de-cookies#breadcrumb\",\"itemListElement\":[{\"@type\":\"ListItem\",\"position\":1,\"name\":\"Home\",\"item\":\"https:\/\/www.fernandezvera.com\/es\"},{\"@type\":\"ListItem\",\"position\":2,\"name\":\"Pol\u00edtica de cookies\"}]},{\"@type\":\"WebSite\",\"@id\":\"https:\/\/www.fernandezvera.com\/#website\",\"url\":\"https:\/\/www.fernandezvera.com\/\",\"name\":\"FERN\u00c1NDEZ VERA\",\"description\":\"Women Run Creative Production Company - Based Worldwide.\",\"publisher\":{\"@id\":\"https:\/\/www.fernandezvera.com\/#organization\"},\"potentialAction\":[{\"@type\":\"SearchAction\",\"target\":{\"@type\":\"EntryPoint\",\"urlTemplate\":\"https:\/\/www.fernandezvera.com\/?s={search_term_string}\"},\"query-input\":\"required name=search_term_string\"}],\"inLanguage\":\"es\"},{\"@type\":\"Organization\",\"@id\":\"https:\/\/www.fernandezvera.com\/#organization\",\"name\":\"FERN\u00c1NDEZ VERA\",\"url\":\"https:\/\/www.fernandezvera.com\/\",\"logo\":{\"@type\":\"ImageObject\",\"inLanguage\":\"es\",\"@id\":\"https:\/\/www.fernandezvera.com\/#\/schema\/logo\/image\/\",\"url\":\"https:\/\/www.fernandezvera.com\/wp-content\/uploads\/2023\/12\/FernandezVera.svg\",\"contentUrl\":\"https:\/\/www.fernandezvera.com\/wp-content\/uploads\/2023\/12\/FernandezVera.svg\",\"width\":132,\"height\":77,\"caption\":\"FERN\u00c1NDEZ VERA\"},\"image\":{\"@id\":\"https:\/\/www.fernandezvera.com\/#\/schema\/logo\/image\/\"},\"sameAs\":[\"https:\/\/www.instagram.com\/fdez.vera\/\",\"https:\/\/vimeo.com\/fernandezvera\",\"https:\/\/www.linkedin.com\/in\/fernandezvera\/\"]}]}<\/script>\n<!-- \/ Yoast SEO plugin. -->","yoast_head_json":{"title":"Pol\u00edtica de cookies - FERN\u00c1NDEZ VERA","robots":{"index":"index","follow":"follow","max-snippet":"max-snippet:-1","max-image-preview":"max-image-preview:large","max-video-preview":"max-video-preview:-1"},"canonical":"https:\/\/www.fernandezvera.com\/es\/politica-de-cookies","og_locale":"es_ES","og_type":"article","og_title":"Pol\u00edtica de cookies - FERN\u00c1NDEZ VERA","og_description":"POL\u00cdTICA DE COOKIES www.fernandezvera.com EL ACCESO A ESTE SITIO WEB PUEDE IMPLICAR EL USO DE COOKIES. LAS COOKIES SON PEQUE\u00d1AS CANTIDADES DE INFORMACI\u00d3N QUE SE ALMACENAN EN EL NAVEGADOR UTILIZADO POR CADA USUARIO -EN LOS DIFERENTES DISPOSITIVOS QUE PUEDA UTILIZAR PARA NAVEGAR- DE MANERA QUE EL SERVIDOR RECUERDA CIERTA INFORMACI\u00d3N QUE POSTERIORMENTE Y S\u00d3LO EL [&hellip;]","og_url":"https:\/\/www.fernandezvera.com\/es\/politica-de-cookies","og_site_name":"FERN\u00c1NDEZ VERA","article_modified_time":"2024-04-02T18:43:51+00:00","twitter_card":"summary_large_image","twitter_misc":{"Tiempo de lectura":"3 minutos"},"schema":{"@context":"https:\/\/schema.org","@graph":[{"@type":"WebPage","@id":"https:\/\/www.fernandezvera.com\/es\/politica-de-cookies","url":"https:\/\/www.fernandezvera.com\/es\/politica-de-cookies","name":"Pol\u00edtica de cookies - FERN\u00c1NDEZ VERA","isPartOf":{"@id":"https:\/\/www.fernandezvera.com\/#website"},"datePublished":"2023-12-11T11:32:32+00:00","dateModified":"2024-04-02T18:43:51+00:00","breadcrumb":{"@id":"https:\/\/www.fernandezvera.com\/es\/politica-de-cookies#breadcrumb"},"inLanguage":"es","potentialAction":[{"@type":"ReadAction","target":["https:\/\/www.fernandezvera.com\/es\/politica-de-cookies"]}]},{"@type":"BreadcrumbList","@id":"https:\/\/www.fernandezvera.com\/es\/politica-de-cookies#breadcrumb","itemListElement":[{"@type":"ListItem","position":1,"name":"Home","item":"https:\/\/www.fernandezvera.com\/es"},{"@type":"ListItem","position":2,"name":"Pol\u00edtica de cookies"}]},{"@type":"WebSite","@id":"https:\/\/www.fernandezvera.com\/#website","url":"https:\/\/www.fernandezvera.com\/","name":"FERN\u00c1NDEZ VERA","description":"Women Run Creative Production Company - Based Worldwide.","publisher":{"@id":"https:\/\/www.fernandezvera.com\/#organization"},"potentialAction":[{"@type":"SearchAction","target":{"@type":"EntryPoint","urlTemplate":"https:\/\/www.fernandezvera.com\/?s={search_term_string}"},"query-input":"required name=search_term_string"}],"inLanguage":"es"},{"@type":"Organization","@id":"https:\/\/www.fernandezvera.com\/#organization","name":"FERN\u00c1NDEZ VERA","url":"https:\/\/www.fernandezvera.com\/","logo":{"@type":"ImageObject","inLanguage":"es","@id":"https:\/\/www.fernandezvera.com\/#\/schema\/logo\/image\/","url":"https:\/\/www.fernandezvera.com\/wp-content\/uploads\/2023\/12\/FernandezVera.svg","contentUrl":"https:\/\/www.fernandezvera.com\/wp-content\/uploads\/2023\/12\/FernandezVera.svg","width":132,"height":77,"caption":"FERN\u00c1NDEZ VERA"},"image":{"@id":"https:\/\/www.fernandezvera.com\/#\/schema\/logo\/image\/"},"sameAs":["https:\/\/www.instagram.com\/fdez.vera\/","https:\/\/vimeo.com\/fernandezvera","https:\/\/www.linkedin.com\/in\/fernandezvera\/"]}]}},"_links":{"self":[{"href":"https:\/\/www.fernandezvera.com\/es\/wp-json\/wp\/v2\/pages\/1564","targetHints":{"allow":["GET"]}}],"collection":[{"href":"https:\/\/www.fernandezvera.com\/es\/wp-json\/wp\/v2\/pages"}],"about":[{"href":"https:\/\/www.fernandezvera.com\/es\/wp-json\/wp\/v2\/types\/page"}],"author":[{"embeddable":true,"href":"https:\/\/www.fernandezvera.com\/es\/wp-json\/wp\/v2\/users\/2"}],"replies":[{"embeddable":true,"href":"https:\/\/www.fernandezvera.com\/es\/wp-json\/wp\/v2\/comments?post=1564"}],"version-history":[{"count":7,"href":"https:\/\/www.fernandezvera.com\/es\/wp-json\/wp\/v2\/pages\/1564\/revisions"}],"predecessor-version":[{"id":2382,"href":"https:\/\/www.fernandezvera.com\/es\/wp-json\/wp\/v2\/pages\/1564\/revisions\/2382"}],"wp:attachment":[{"href":"https:\/\/www.fernandezvera.com\/es\/wp-json\/wp\/v2\/media?parent=1564"}],"curies":[{"name":"wp","href":"https:\/\/api.w.org\/{rel}","templated":true}]}}