{"id":1546,"date":"2023-12-11T11:33:15","date_gmt":"2023-12-11T11:33:15","guid":{"rendered":"https:\/\/fernandezvera.com\/aviso-legal"},"modified":"2024-04-02T18:50:53","modified_gmt":"2024-04-02T18:50:53","slug":"legal-advice","status":"publish","type":"page","link":"https:\/\/www.fernandezvera.com\/es\/legal-advice","title":{"rendered":"Aviso legal"},"content":{"rendered":"\t\t<div data-elementor-type=\"wp-page\" data-elementor-id=\"1546\" class=\"elementor elementor-1546 elementor-44\" data-elementor-settings=\"{&quot;premium_particles_zindex&quot;:0,&quot;premium_particles_responsive&quot;:[&quot;desktop&quot;,&quot;tablet&quot;,&quot;mobile&quot;]}\" data-elementor-post-type=\"page\">\n\t\t\t\t<div class=\"elementor-element elementor-element-22f9617d e-con-full e-flex e-con e-parent\" data-id=\"22f9617d\" data-element_type=\"container\" data-settings=\"{&quot;background_background&quot;:&quot;classic&quot;,&quot;premium_particles_zindex&quot;:0,&quot;premium_particles_responsive&quot;:[&quot;desktop&quot;,&quot;tablet&quot;,&quot;mobile&quot;]}\" data-core-v316-plus=\"true\">\n\t\t<div class=\"elementor-element elementor-element-4940275c e-con-full elementor-hidden-tablet elementor-hidden-mobile_extra elementor-hidden-mobile e-flex e-con e-child\" data-id=\"4940275c\" data-element_type=\"container\" data-settings=\"{&quot;background_background&quot;:&quot;classic&quot;,&quot;premium_particles_zindex&quot;:0,&quot;premium_particles_responsive&quot;:[&quot;desktop&quot;,&quot;tablet&quot;,&quot;mobile&quot;]}\">\n\t\t\t\t<\/div>\n\t\t<div class=\"elementor-element elementor-element-7b3ef7f9 e-con-full e-flex e-con e-child\" data-id=\"7b3ef7f9\" data-element_type=\"container\" data-settings=\"{&quot;premium_particles_zindex&quot;:0,&quot;premium_particles_responsive&quot;:[&quot;desktop&quot;,&quot;tablet&quot;,&quot;mobile&quot;]}\">\n\t\t<div class=\"elementor-element elementor-element-290b0bd4 e-con-full e-flex e-con e-child\" data-id=\"290b0bd4\" data-element_type=\"container\" data-settings=\"{&quot;premium_particles_zindex&quot;:0,&quot;premium_particles_responsive&quot;:[&quot;desktop&quot;,&quot;tablet&quot;,&quot;mobile&quot;]}\">\n\t\t\t\t<div class=\"elementor-element elementor-element-f42aad0 elementor-widget__width-initial elementor-widget elementor-widget-heading\" data-id=\"f42aad0\" data-element_type=\"widget\" data-widget_type=\"heading.default\">\n\t\t\t\t<div class=\"elementor-widget-container\">\n\t\t\t<style>\/*! elementor - v3.20.0 - 13-03-2024 *\/\n.elementor-heading-title{padding:0;margin:0;line-height:1}.elementor-widget-heading .elementor-heading-title[class*=elementor-size-]>a{color:inherit;font-size:inherit;line-height:inherit}.elementor-widget-heading .elementor-heading-title.elementor-size-small{font-size:15px}.elementor-widget-heading .elementor-heading-title.elementor-size-medium{font-size:19px}.elementor-widget-heading .elementor-heading-title.elementor-size-large{font-size:29px}.elementor-widget-heading .elementor-heading-title.elementor-size-xl{font-size:39px}.elementor-widget-heading .elementor-heading-title.elementor-size-xxl{font-size:59px}<\/style><h1 class=\"elementor-heading-title elementor-size-default\">AVISO LEGAL Y CONDICIONES GENERALES DE USO fernandezvera.com<\/h1>\t\t<\/div>\n\t\t\t\t<\/div>\n\t\t\t\t<div class=\"elementor-element elementor-element-655eb152 elementor-widget elementor-widget-text-editor\" data-id=\"655eb152\" data-element_type=\"widget\" data-widget_type=\"text-editor.default\">\n\t\t\t\t<div class=\"elementor-widget-container\">\n\t\t\t<style>\/*! elementor - v3.20.0 - 13-03-2024 *\/\n.elementor-widget-text-editor.elementor-drop-cap-view-stacked .elementor-drop-cap{background-color:#69727d;color:#fff}.elementor-widget-text-editor.elementor-drop-cap-view-framed .elementor-drop-cap{color:#69727d;border:3px solid;background-color:transparent}.elementor-widget-text-editor:not(.elementor-drop-cap-view-default) .elementor-drop-cap{margin-top:8px}.elementor-widget-text-editor:not(.elementor-drop-cap-view-default) .elementor-drop-cap-letter{width:1em;height:1em}.elementor-widget-text-editor .elementor-drop-cap{float:left;text-align:center;line-height:1;font-size:50px}.elementor-widget-text-editor .elementor-drop-cap-letter{display:inline-block}<\/style>\t\t\t\t<p>I. INFORMACI\u00d3N GENERAL<\/p>\n<p>En cumplimiento con el deber de informaci\u00f3n recogido en la Ley 34\/2002, de 11 de julio, de Servicios de la Sociedad de la Informaci\u00f3n y de Comercio Electr\u00f3nico (LSSI-CE), a continuaci\u00f3n se indican los datos de informaci\u00f3n general de este sitio web:<\/p>\n<p>La titularidad de este sitio web, fernandezvera.com, (en adelante, Sitio Web) corresponde a: FDEZ&amp;VERA S.L., provista de NIF: B88396817 e inscrita en el Registro Mercantil de Madrid con los siguientes datos registrales: Tomo 39.001 Folio 140, Hoja M -693023, cuya representante es: Tatiana Fern\u00e1ndez, y cuyos datos de contacto son:<\/p>\n<p>Direcci\u00f3n: C\/Escosura 9 5 CE, 28015 MADRID, MADRID<\/p>\n<p>Tel\u00e9fono de contacto: 603730981<\/p>\n<p>Fax: 918850000<\/p>\n<p>Correo electr\u00f3nico de contacto: tati@fernandez.com<\/p>\n<p>II. CONDICIONES GENERALES DE USO<\/p>\n<p>El objeto de las condiciones: El sitio web<\/p>\n<p>Las presentes Condiciones Generales de Uso (en adelante, Condiciones) tienen por objeto regular el acceso y utilizaci\u00f3n del Sitio Web. A los efectos de las presentes Condiciones, se entender\u00e1 por Sitio Web: la apariencia externa de las interfaces de pantalla, tanto est\u00e1tica como din\u00e1mica, es decir, el \u00e1rbol de navegaci\u00f3n; y todos los elementos integrados tanto en las interfaces de pantalla como en el \u00e1rbol de navegaci\u00f3n (en adelante, Contenidos) y todos aquellos servicios o recursos en l\u00ednea que ofrece a los Usuarios (en adelante, Servicios).<\/p>\n<p>FDEZ&amp;VERA se reserva la facultad de modificar, en cualquier momento, y sin aviso previo, la presentaci\u00f3n y configuraci\u00f3n del Sitio Web y de los Contenidos y Servicios que en \u00e9l pudieran estar incorporados. El Usuario reconoce y acepta que en cualquier momento FDEZ&amp;VERA pueda interrumpir, desactivar y\/o cancelar cualquiera de estos elementos que se integran en el Sitio Web o el acceso a los mismos.<\/p>\n<p>El acceso al Sitio Web por parte del Usuario es libre y, como regla general, tiene car\u00e1cter gratuito sin que el Usuario tenga que realizar contraprestaci\u00f3n alguna para poder disfrutar del mismo, salvo en lo relativo al coste de la conexi\u00f3n a trav\u00e9s de la red de telecomunicaciones suministrada. por el proveedor de acceso que el Usuario haya contratado.<\/p>\n<p>El uso de los Contenidos no requiere suscripci\u00f3n o registro previos.<\/p>\n<p>El usuario<\/p>\n<p>El acceso, navegaci\u00f3n y uso del Sitio Web atribuye la condici\u00f3n de Usuario, por lo que acepta, desde el mismo momento en que inicia la navegaci\u00f3n por el Sitio Web, todas las Condiciones aqu\u00ed establecidas, as\u00ed como sus posteriores modificaciones, sin perjuicio de la aplicaci\u00f3n de la correspondiente normativa legal de obligado cumplimiento seg\u00fan el caso. Dada la relevancia de lo anterior, se recomienda al Usuario su lectura cada vez que visite el Sitio Web.<\/p>\n<p>El sitio web de FDEZ&amp;VERA ofrece una amplia variedad de informaci\u00f3n, servicios y datos. El Usuario asume la responsabilidad del uso correcto del Sitio Web. Esta responsabilidad se extender\u00e1 a:<\/p>\n<p>Un uso de la informaci\u00f3n, Contenidos y\/o Servicios y datos ofrecidos por FDEZ&amp;VERA sin que sea contrario a lo dispuesto por las presentes Condiciones, la Ley, la moral o el orden p\u00fablico, o que de cualquier otro modo puedan suponer lesi\u00f3n de derechos. de terceros o el funcionamiento del propio Sitio Web.<br \/>La veracidad y licitud de las informaciones aportadas por el Usuario en los formularios extendidos por FDEZ&amp;VERA para el acceso a ciertos Contenidos o Servicios ofrecidos por el Portal. En todo caso, el Usuario notificar\u00e1 de forma inmediata a FDEZ&amp;VERA acerca de cualquier hecho que permita el uso indebido de la informaci\u00f3n registrada en dichos formularios, tales como, pero no s\u00f3lo, el robo, extrav\u00edo, o el acceso no autorizado a identificadores y\/o contrase\u00f1as, con el fin de proceder a su inmediata cancelaci\u00f3n.<\/p>\n<p>El mero acceso a este Sitio Web no supone entablar ning\u00fan tipo de relaci\u00f3n de car\u00e1cter comercial entre FDEZ&amp;VERA y el Usuario.<\/p>\n<p>Siempre en cumplimiento de la legislaci\u00f3n vigente, este Sitio Web de FDEZ&amp;VERA est\u00e1 dirigido a todas las personas, independientemente de su edad, que puedan acceder y\/o navegar por las p\u00e1ginas del Sitio Web.<\/p>\n<p>III. ACCESO Y NAVEGACI\u00d3N EN EL SITIO WEB: EXCLUSI\u00d3N DE GARANT\u00cdAS Y DE RESPONSABILIDAD<\/p>\n<p>FDEZ&amp;VERA no garantiza la continuidad, disponibilidad y utilidad del Sitio Web, ni de los Contenidos o Servicios. FDEZ&amp;VERA har\u00e1 todo lo posible por el buen funcionamiento del Sitio Web, sin embargo, no se responsabiliza ni garantiza que el acceso a este Sitio Web no vaya a ser ininterrumpido o que est\u00e9 libre de error.<\/p>\n<p>Tampoco se responsabiliza o garantiza que el contenido o software al que pueda accederse a trav\u00e9s de este Sitio Web, est\u00e9 libre de error o cause un da\u00f1o en el sistema inform\u00e1tico (software y hardware) del Usuario. En ning\u00fan caso FDEZ&amp;VERA ser\u00e1 responsable por las p\u00e9rdidas, da\u00f1os o perjuicios de cualquier tipo que surjan por el acceso, navegaci\u00f3n y el uso del Sitio Web, incluy\u00e9ndose, pero no limit\u00e1ndose, a los ocasionados a los sistemas inform\u00e1ticos o los provocados por la introducci\u00f3n de virus.<\/p>\n<p>FDEZ&amp;VERA tampoco se hace responsable de los da\u00f1os que pudiesen ocasionarse a los usuarios por un uso inadecuado de este Sitio Web. En particular, no se hace responsable en modo alguno de las ca\u00eddas, interrupciones, falta o defecto de las telecomunicaciones que pudieran ocurrir.<\/p>\n<p>IV. POL\u00cdTICA DE ENLACES<\/p>\n<p>Se informa que el Sitio Web de FDEZ&amp;VERA pone o puede poner a disposici\u00f3n de los Usuarios medios de enlace (como, entre otros, links, banners, botones), directorios y motores de b\u00fasqueda que permiten a los Usuarios acceder a sitios web pertenecientes a y\/o gestionados por terceros.<\/p>\n<p>La instalaci\u00f3n de estos enlaces, directorios y motores de b\u00fasqueda en el Sitio Web tiene por objeto facilitar a los Usuarios la b\u00fasqueda y acceso a la informaci\u00f3n disponible en Internet, sin que pueda considerarse una sugerencia, recomendaci\u00f3n o invitaci\u00f3n para la visita de los mismos. .<\/p>\n<p>FDEZ&amp;VERA no ofrece ni comercializa por s\u00ed ni por medio de terceros los productos y\/o servicios disponibles en dichos sitios enlazados.<\/p>\n<p>Asimismo, tampoco garantizar\u00e1 la disponibilidad t\u00e9cnica, exactitud, veracidad, validez o legalidad de sitios ajenos a su propiedad a los que se pueda acceder por medio de los enlaces.<\/p>\n<p>FDEZ&amp;VERA en ning\u00fan caso revisar\u00e1 o controlar\u00e1 el contenido de otros sitios web, as\u00ed como tampoco aprueba, examina ni hace propios los productos y servicios, contenidos, archivos y cualquier otro material existente en los referidos sitios enlazados.<\/p>\n<p>FDEZ&amp;VERA no asume ninguna responsabilidad por los da\u00f1os y perjuicios que pudieran producirse por el acceso, uso, calidad o licitud de los contenidos, comunicaciones, opiniones, productos y servicios de los sitios web no gestionados por FDEZ&amp;VERA y que sean enlazados en este Sitio Web.<\/p>\n<p>El Usuario o tercero que realice un hiperenlace desde una p\u00e1gina web de otro sitio web distinto al Sitio Web de FDEZ&amp;VERA debe saber que:<\/p>\n<p>Queda prohibida la reproducci\u00f3n -total o parcial- de cualquiera de los Contenidos y\/o Servicios del Sitio Web sin autorizaci\u00f3n expresa de FDEZ&amp;VERA.<\/p>\n<p>Tampoco se permite ninguna manifestaci\u00f3n falsa, inexacta o incorrecta en el Sitio Web de FDEZ&amp;VERA, ni en sus Contenidos y\/o Servicios.<\/p>\n<p>A excepci\u00f3n del hiperv\u00ednculo, la p\u00e1gina web en la que se establezca dicho hiperenlace no contendr\u00e1 ning\u00fan elemento de esta Web, protegido como propiedad intelectual por el ordenamiento jur\u00eddico espa\u00f1ol, salvo autorizaci\u00f3n expresa de FDEZ&amp;VERA.<\/p>\n<p>El establecimiento del hiperenlace no implicar\u00e1 la existencia de relaciones entre FDEZ&amp;VERA y el titular de la p\u00e1gina web desde la que se realice, ni el conocimiento y aceptaci\u00f3n de FDEZ&amp;VERA de los contenidos, servicios y\/o actividades ofrecidos en dicha p\u00e1gina web, y viceversa.<\/p>\n<p>V. PROPIEDAD INTELECTUAL E INDUSTRIAL<\/p>\n<p>FDEZ&amp;VERA por s\u00ed o como cesionaria, es titular de todos los derechos de propiedad intelectual e industrial del Sitio Web, as\u00ed como de los elementos contenidos en el mismo (a t\u00edtulo enunciativo y no exhaustivo, im\u00e1genes, sonido, audio, v\u00eddeo, software o textos; marcas o logotipos, combinaciones de colores, estructura y dise\u00f1o, selecci\u00f3n de materiales usados, programas de ordenador necesarios para su funcionamiento, acceso y uso, etc.). Ser\u00e1n, por tanto, obras protegidas como propiedad intelectual por el ordenamiento jur\u00eddico espa\u00f1ol, si\u00e9ndoles de aplicaci\u00f3n tanto la normativa espa\u00f1ola y comunitaria en la materia, como los tratados internacionales relacionados con la materia y suscritos por Espa\u00f1a.<\/p>\n<p>Todos los derechos reservados. En virtud de lo dispuesto en la Ley de Propiedad Intelectual, quedan expresamente prohibidas la reproducci\u00f3n, la distribuci\u00f3n y la comunicaci\u00f3n p\u00fablica, incluida su modalidad de puesta a disposici\u00f3n, de la totalidad o parte de los contenidos de esta p\u00e1gina web, con fines comerciales. en cualquier soporte y por cualquier medio t\u00e9cnico, sin la autorizaci\u00f3n de FDEZ&amp;VERA.<\/p>\n<p>El Usuario se compromete a respetar los derechos de Propiedad Intelectual e Industrial titularidad de FDEZ&amp;VERA. Podr\u00e1 visualizar los elementos del Sitio Web o incluso imprimirlos, copiarlos y almacenarlos en el disco duro de su ordenador o en cualquier otro soporte f\u00edsico siempre y cuando sea, \u00fanica y exclusivamente, para su uso personal. No obstante, el Usuario no podr\u00e1 suprimir, alterar, eludir o manipular cualquier dispositivo de protecci\u00f3n o sistema de seguridad que estuviera instalado en el Sitio Web.<\/p>\n<p>En el caso de que el Usuario o un tercero consideren que cualquiera de los Contenidos del Sitio Web constituye una violaci\u00f3n de los derechos de protecci\u00f3n de la propiedad intelectual, deber\u00e1 notificarlo inmediatamente a FDEZ&amp;VERA a trav\u00e9s de los datos de contacto que figuran en el apartado de INFORMACI\u00d3N GENERAL de este Aviso. Condiciones legales y generales de uso.<\/p>\n<p>SAW. ACCIONES LEGALES, LEY APLICABLE Y JURISDICCI\u00d3N<\/p>\n<p>FDEZ&amp;VERA se reserva la facultad de presentar las acciones civiles o penales que considere necesarias por la utilizaci\u00f3n indebida del Sitio Web y Contenidos, o por el incumplimiento de las presentes Condiciones.<\/p>\n<p>La relaci\u00f3n entre el Usuario y FDEZ&amp;VERA se regir\u00e1 por la normativa vigente y de aplicaci\u00f3n en el territorio espa\u00f1ol. De surgir cualquier controversia en relaci\u00f3n con la interpretaci\u00f3n y\/o aplicaci\u00f3n de las presentes Condiciones, las partes someter\u00e1n sus conflictos a la jurisdicci\u00f3n ordinaria, someti\u00e9ndose a los jueces y tribunales que correspondan conforme a derecho.<\/p>\n\t\t\t\t\t\t<\/div>\n\t\t\t\t<\/div>\n\t\t\t\t<\/div>\n\t\t\t\t<\/div>\n\t\t\t\t<\/div>\n\t\t<div class=\"elementor-element elementor-element-5d58445 e-flex e-con-boxed e-con e-parent\" data-id=\"5d58445\" data-element_type=\"container\" data-settings=\"{&quot;background_background&quot;:&quot;classic&quot;,&quot;premium_particles_zindex&quot;:0,&quot;premium_particles_responsive&quot;:[&quot;desktop&quot;,&quot;tablet&quot;,&quot;mobile&quot;]}\" data-core-v316-plus=\"true\">\n\t\t\t\t\t<div class=\"e-con-inner\">\n\t\t<div class=\"elementor-element elementor-element-4af4f507 e-flex e-con-boxed e-con e-child\" data-id=\"4af4f507\" data-element_type=\"container\" data-settings=\"{&quot;background_background&quot;:&quot;classic&quot;,&quot;premium_particles_zindex&quot;:0,&quot;premium_particles_responsive&quot;:[&quot;desktop&quot;,&quot;tablet&quot;,&quot;mobile&quot;]}\">\n\t\t\t\t\t<div class=\"e-con-inner\">\n\t\t\t\t\t<\/div>\n\t\t\t\t<\/div>\n\t\t\t\t\t<\/div>\n\t\t\t\t<\/div>\n\t\t\t\t<\/div>\n\t\t","protected":false},"excerpt":{"rendered":"<p>AVISO LEGAL Y CONDICIONES GENERALES DE USO fernandezvera.com I. INFORMACI\u00d3N GENERAL En cumplimiento con el deber de informaci\u00f3n recogido en la Ley 34\/2002, de 11 de julio, de Servicios de la Sociedad de la Informaci\u00f3n y de Comercio Electr\u00f3nico (LSSI-CE), a continuaci\u00f3n se indican los datos de informaci\u00f3n general de este sitio web: La titularidad [&hellip;]<\/p>\n","protected":false},"author":2,"featured_media":0,"parent":0,"menu_order":0,"comment_status":"closed","ping_status":"closed","template":"elementor_header_footer","meta":{"_acf_changed":false,"footnotes":""},"class_list":["post-1546","page","type-page","status-publish","hentry"],"acf":[],"yoast_head":"<!-- This site is optimized with the Yoast SEO plugin v23.1 - https:\/\/yoast.com\/wordpress\/plugins\/seo\/ -->\n<title>Aviso legal - FERN\u00c1NDEZ VERA<\/title>\n<meta name=\"robots\" content=\"index, follow, max-snippet:-1, max-image-preview:large, max-video-preview:-1\" \/>\n<link rel=\"canonical\" href=\"https:\/\/www.fernandezvera.com\/es\/legal-advice\" \/>\n<meta property=\"og:locale\" content=\"es_ES\" \/>\n<meta property=\"og:type\" content=\"article\" \/>\n<meta property=\"og:title\" content=\"Aviso legal - FERN\u00c1NDEZ VERA\" \/>\n<meta property=\"og:description\" content=\"AVISO LEGAL Y CONDICIONES GENERALES DE USO fernandezvera.com I. INFORMACI\u00d3N GENERAL En cumplimiento con el deber de informaci\u00f3n recogido en la Ley 34\/2002, de 11 de julio, de Servicios de la Sociedad de la Informaci\u00f3n y de Comercio Electr\u00f3nico (LSSI-CE), a continuaci\u00f3n se indican los datos de informaci\u00f3n general de este sitio web: La titularidad [&hellip;]\" \/>\n<meta property=\"og:url\" content=\"https:\/\/www.fernandezvera.com\/es\/legal-advice\" \/>\n<meta property=\"og:site_name\" content=\"FERN\u00c1NDEZ VERA\" \/>\n<meta property=\"article:modified_time\" content=\"2024-04-02T18:50:53+00:00\" \/>\n<meta name=\"twitter:card\" content=\"summary_large_image\" \/>\n<meta name=\"twitter:label1\" content=\"Tiempo de lectura\" \/>\n\t<meta name=\"twitter:data1\" content=\"9 minutos\" \/>\n<script type=\"application\/ld+json\" class=\"yoast-schema-graph\">{\"@context\":\"https:\/\/schema.org\",\"@graph\":[{\"@type\":\"WebPage\",\"@id\":\"https:\/\/www.fernandezvera.com\/es\/legal-advice\",\"url\":\"https:\/\/www.fernandezvera.com\/es\/legal-advice\",\"name\":\"Aviso legal - FERN\u00c1NDEZ VERA\",\"isPartOf\":{\"@id\":\"https:\/\/www.fernandezvera.com\/#website\"},\"datePublished\":\"2023-12-11T11:33:15+00:00\",\"dateModified\":\"2024-04-02T18:50:53+00:00\",\"breadcrumb\":{\"@id\":\"https:\/\/www.fernandezvera.com\/es\/legal-advice#breadcrumb\"},\"inLanguage\":\"es\",\"potentialAction\":[{\"@type\":\"ReadAction\",\"target\":[\"https:\/\/www.fernandezvera.com\/es\/legal-advice\"]}]},{\"@type\":\"BreadcrumbList\",\"@id\":\"https:\/\/www.fernandezvera.com\/es\/legal-advice#breadcrumb\",\"itemListElement\":[{\"@type\":\"ListItem\",\"position\":1,\"name\":\"Home\",\"item\":\"https:\/\/www.fernandezvera.com\/es\"},{\"@type\":\"ListItem\",\"position\":2,\"name\":\"Aviso legal\"}]},{\"@type\":\"WebSite\",\"@id\":\"https:\/\/www.fernandezvera.com\/#website\",\"url\":\"https:\/\/www.fernandezvera.com\/\",\"name\":\"FERN\u00c1NDEZ VERA\",\"description\":\"Women Run Creative Production Company - Based Worldwide.\",\"publisher\":{\"@id\":\"https:\/\/www.fernandezvera.com\/#organization\"},\"potentialAction\":[{\"@type\":\"SearchAction\",\"target\":{\"@type\":\"EntryPoint\",\"urlTemplate\":\"https:\/\/www.fernandezvera.com\/?s={search_term_string}\"},\"query-input\":\"required name=search_term_string\"}],\"inLanguage\":\"es\"},{\"@type\":\"Organization\",\"@id\":\"https:\/\/www.fernandezvera.com\/#organization\",\"name\":\"FERN\u00c1NDEZ VERA\",\"url\":\"https:\/\/www.fernandezvera.com\/\",\"logo\":{\"@type\":\"ImageObject\",\"inLanguage\":\"es\",\"@id\":\"https:\/\/www.fernandezvera.com\/#\/schema\/logo\/image\/\",\"url\":\"https:\/\/www.fernandezvera.com\/wp-content\/uploads\/2023\/12\/FernandezVera.svg\",\"contentUrl\":\"https:\/\/www.fernandezvera.com\/wp-content\/uploads\/2023\/12\/FernandezVera.svg\",\"width\":132,\"height\":77,\"caption\":\"FERN\u00c1NDEZ VERA\"},\"image\":{\"@id\":\"https:\/\/www.fernandezvera.com\/#\/schema\/logo\/image\/\"},\"sameAs\":[\"https:\/\/www.instagram.com\/fdez.vera\/\",\"https:\/\/vimeo.com\/fernandezvera\",\"https:\/\/www.linkedin.com\/in\/fernandezvera\/\"]}]}<\/script>\n<!-- \/ Yoast SEO plugin. -->","yoast_head_json":{"title":"Aviso legal - FERN\u00c1NDEZ VERA","robots":{"index":"index","follow":"follow","max-snippet":"max-snippet:-1","max-image-preview":"max-image-preview:large","max-video-preview":"max-video-preview:-1"},"canonical":"https:\/\/www.fernandezvera.com\/es\/legal-advice","og_locale":"es_ES","og_type":"article","og_title":"Aviso legal - FERN\u00c1NDEZ VERA","og_description":"AVISO LEGAL Y CONDICIONES GENERALES DE USO fernandezvera.com I. INFORMACI\u00d3N GENERAL En cumplimiento con el deber de informaci\u00f3n recogido en la Ley 34\/2002, de 11 de julio, de Servicios de la Sociedad de la Informaci\u00f3n y de Comercio Electr\u00f3nico (LSSI-CE), a continuaci\u00f3n se indican los datos de informaci\u00f3n general de este sitio web: La titularidad [&hellip;]","og_url":"https:\/\/www.fernandezvera.com\/es\/legal-advice","og_site_name":"FERN\u00c1NDEZ VERA","article_modified_time":"2024-04-02T18:50:53+00:00","twitter_card":"summary_large_image","twitter_misc":{"Tiempo de lectura":"9 minutos"},"schema":{"@context":"https:\/\/schema.org","@graph":[{"@type":"WebPage","@id":"https:\/\/www.fernandezvera.com\/es\/legal-advice","url":"https:\/\/www.fernandezvera.com\/es\/legal-advice","name":"Aviso legal - FERN\u00c1NDEZ VERA","isPartOf":{"@id":"https:\/\/www.fernandezvera.com\/#website"},"datePublished":"2023-12-11T11:33:15+00:00","dateModified":"2024-04-02T18:50:53+00:00","breadcrumb":{"@id":"https:\/\/www.fernandezvera.com\/es\/legal-advice#breadcrumb"},"inLanguage":"es","potentialAction":[{"@type":"ReadAction","target":["https:\/\/www.fernandezvera.com\/es\/legal-advice"]}]},{"@type":"BreadcrumbList","@id":"https:\/\/www.fernandezvera.com\/es\/legal-advice#breadcrumb","itemListElement":[{"@type":"ListItem","position":1,"name":"Home","item":"https:\/\/www.fernandezvera.com\/es"},{"@type":"ListItem","position":2,"name":"Aviso legal"}]},{"@type":"WebSite","@id":"https:\/\/www.fernandezvera.com\/#website","url":"https:\/\/www.fernandezvera.com\/","name":"FERN\u00c1NDEZ VERA","description":"Women Run Creative Production Company - Based Worldwide.","publisher":{"@id":"https:\/\/www.fernandezvera.com\/#organization"},"potentialAction":[{"@type":"SearchAction","target":{"@type":"EntryPoint","urlTemplate":"https:\/\/www.fernandezvera.com\/?s={search_term_string}"},"query-input":"required name=search_term_string"}],"inLanguage":"es"},{"@type":"Organization","@id":"https:\/\/www.fernandezvera.com\/#organization","name":"FERN\u00c1NDEZ VERA","url":"https:\/\/www.fernandezvera.com\/","logo":{"@type":"ImageObject","inLanguage":"es","@id":"https:\/\/www.fernandezvera.com\/#\/schema\/logo\/image\/","url":"https:\/\/www.fernandezvera.com\/wp-content\/uploads\/2023\/12\/FernandezVera.svg","contentUrl":"https:\/\/www.fernandezvera.com\/wp-content\/uploads\/2023\/12\/FernandezVera.svg","width":132,"height":77,"caption":"FERN\u00c1NDEZ VERA"},"image":{"@id":"https:\/\/www.fernandezvera.com\/#\/schema\/logo\/image\/"},"sameAs":["https:\/\/www.instagram.com\/fdez.vera\/","https:\/\/vimeo.com\/fernandezvera","https:\/\/www.linkedin.com\/in\/fernandezvera\/"]}]}},"_links":{"self":[{"href":"https:\/\/www.fernandezvera.com\/es\/wp-json\/wp\/v2\/pages\/1546","targetHints":{"allow":["GET"]}}],"collection":[{"href":"https:\/\/www.fernandezvera.com\/es\/wp-json\/wp\/v2\/pages"}],"about":[{"href":"https:\/\/www.fernandezvera.com\/es\/wp-json\/wp\/v2\/types\/page"}],"author":[{"embeddable":true,"href":"https:\/\/www.fernandezvera.com\/es\/wp-json\/wp\/v2\/users\/2"}],"replies":[{"embeddable":true,"href":"https:\/\/www.fernandezvera.com\/es\/wp-json\/wp\/v2\/comments?post=1546"}],"version-history":[{"count":12,"href":"https:\/\/www.fernandezvera.com\/es\/wp-json\/wp\/v2\/pages\/1546\/revisions"}],"predecessor-version":[{"id":2391,"href":"https:\/\/www.fernandezvera.com\/es\/wp-json\/wp\/v2\/pages\/1546\/revisions\/2391"}],"wp:attachment":[{"href":"https:\/\/www.fernandezvera.com\/es\/wp-json\/wp\/v2\/media?parent=1546"}],"curies":[{"name":"wp","href":"https:\/\/api.w.org\/{rel}","templated":true}]}}