{"id":1405,"date":"2023-12-15T13:43:18","date_gmt":"2023-12-15T13:43:18","guid":{"rendered":"https:\/\/fernandezvera.com\/contacto"},"modified":"2024-02-15T14:20:24","modified_gmt":"2024-02-15T14:20:24","slug":"contacto","status":"publish","type":"page","link":"https:\/\/www.fernandezvera.com\/es\/contacto","title":{"rendered":"Contacto"},"content":{"rendered":"\t\t<div data-elementor-type=\"wp-page\" data-elementor-id=\"1405\" class=\"elementor elementor-1405 elementor-518\" data-elementor-settings=\"{&quot;premium_particles_zindex&quot;:0,&quot;premium_particles_responsive&quot;:[&quot;desktop&quot;,&quot;tablet&quot;,&quot;mobile&quot;]}\" data-elementor-post-type=\"page\">\n\t\t\t\t<div class=\"elementor-element elementor-element-517e8863 e-con-full e-flex e-con e-parent\" data-id=\"517e8863\" data-element_type=\"container\" data-settings=\"{&quot;background_background&quot;:&quot;classic&quot;,&quot;premium_particles_zindex&quot;:0,&quot;premium_particles_responsive&quot;:[&quot;desktop&quot;,&quot;tablet&quot;,&quot;mobile&quot;]}\" data-core-v316-plus=\"true\">\n\t\t<div class=\"elementor-element elementor-element-711aa397 e-con-full elementor-hidden-tablet elementor-hidden-mobile_extra elementor-hidden-mobile e-flex e-con e-child\" data-id=\"711aa397\" data-element_type=\"container\" data-settings=\"{&quot;background_background&quot;:&quot;classic&quot;,&quot;premium_particles_zindex&quot;:0,&quot;premium_particles_responsive&quot;:[&quot;desktop&quot;,&quot;tablet&quot;,&quot;mobile&quot;]}\">\n\t\t\t\t<\/div>\n\t\t<div class=\"elementor-element elementor-element-73bee31e e-con-full e-flex e-con e-child\" data-id=\"73bee31e\" data-element_type=\"container\" data-settings=\"{&quot;premium_particles_zindex&quot;:0,&quot;premium_particles_responsive&quot;:[&quot;desktop&quot;,&quot;tablet&quot;,&quot;mobile&quot;]}\">\n\t\t<div class=\"elementor-element elementor-element-2c47aded e-con-full e-flex e-con e-child\" data-id=\"2c47aded\" data-element_type=\"container\" data-settings=\"{&quot;premium_particles_zindex&quot;:0,&quot;premium_particles_responsive&quot;:[&quot;desktop&quot;,&quot;tablet&quot;,&quot;mobile&quot;]}\">\n\t\t\t\t<div class=\"elementor-element elementor-element-6815771 elementor-widget__width-initial elementor-widget elementor-widget-text-editor\" data-id=\"6815771\" data-element_type=\"widget\" data-widget_type=\"text-editor.default\">\n\t\t\t\t<div class=\"elementor-widget-container\">\n\t\t\t<style>\/*! elementor - v3.20.0 - 13-03-2024 *\/\n.elementor-widget-text-editor.elementor-drop-cap-view-stacked .elementor-drop-cap{background-color:#69727d;color:#fff}.elementor-widget-text-editor.elementor-drop-cap-view-framed .elementor-drop-cap{color:#69727d;border:3px solid;background-color:transparent}.elementor-widget-text-editor:not(.elementor-drop-cap-view-default) .elementor-drop-cap{margin-top:8px}.elementor-widget-text-editor:not(.elementor-drop-cap-view-default) .elementor-drop-cap-letter{width:1em;height:1em}.elementor-widget-text-editor .elementor-drop-cap{float:left;text-align:center;line-height:1;font-size:50px}.elementor-widget-text-editor .elementor-drop-cap-letter{display:inline-block}<\/style>\t\t\t\t<p>Tatiana Fern\u00e1ndez Ram\u00edrez<\/p>\n\t\t\t\t\t\t<\/div>\n\t\t\t\t<\/div>\n\t\t\t\t<div class=\"elementor-element elementor-element-f4ae0a1 elementor-widget elementor-widget-text-editor\" data-id=\"f4ae0a1\" data-element_type=\"widget\" data-widget_type=\"text-editor.default\">\n\t\t\t\t<div class=\"elementor-widget-container\">\n\t\t\t\t\t\t\t<p>(Productora Ejecutiva)<\/p>\t\t\t\t\t\t<\/div>\n\t\t\t\t<\/div>\n\t\t\t\t<div class=\"elementor-element elementor-element-de355f9 blackLink elementor-widget-mobile__width-initial elementor-hidden-mobile_extra elementor-hidden-mobile elementor-widget elementor-widget-text-editor\" data-id=\"de355f9\" data-element_type=\"widget\" data-widget_type=\"text-editor.default\">\n\t\t\t\t<div class=\"elementor-widget-container\">\n\t\t\t\t\t\t\t<p><span style=\"text-decoration: underline;\"><a href=\"mailto:tati@fernandezvera.com\">tati@fernandezvera.com<\/a><\/span><\/p>\n\t\t\t\t\t\t<\/div>\n\t\t\t\t<\/div>\n\t\t\t\t<div class=\"elementor-element elementor-element-3cd261f blackLink elementor-widget-mobile__width-initial elementor-hidden-desktop elementor-hidden-tablet elementor-hidden-mobile_extra elementor-widget elementor-widget-text-editor\" data-id=\"3cd261f\" data-element_type=\"widget\" data-widget_type=\"text-editor.default\">\n\t\t\t\t<div class=\"elementor-widget-container\">\n\t\t\t\t\t\t\t<p><span style=\"text-decoration: underline;\"><a href=\"mailto:tati@fernandezvera.com\">tati@fernand<\/a><\/span><\/p>\n\t\t\t\t\t\t<\/div>\n\t\t\t\t<\/div>\n\t\t\t\t<div class=\"elementor-element elementor-element-63713b4 blackLink elementor-widget-mobile__width-initial elementor-hidden-desktop elementor-hidden-tablet elementor-hidden-mobile_extra elementor-widget elementor-widget-text-editor\" data-id=\"63713b4\" data-element_type=\"widget\" data-widget_type=\"text-editor.default\">\n\t\t\t\t<div class=\"elementor-widget-container\">\n\t\t\t\t\t\t\t<p><span style=\"text-decoration: underline;\"><a href=\"mailto:tati@fernandezvera.com\">ezvera.com<\/a><\/span><\/p>\n\t\t\t\t\t\t<\/div>\n\t\t\t\t<\/div>\n\t\t\t\t<div class=\"elementor-element elementor-element-e6a027b blackLink elementor-widget elementor-widget-text-editor\" data-id=\"e6a027b\" data-element_type=\"widget\" data-widget_type=\"text-editor.default\">\n\t\t\t\t<div class=\"elementor-widget-container\">\n\t\t\t\t\t\t\t<p>(+34) 603 730 981<\/p>\n\t\t\t\t\t\t<\/div>\n\t\t\t\t<\/div>\n\t\t\t\t<div class=\"elementor-element elementor-element-ffbd853 elementor-widget__width-initial elementor-widget elementor-widget-text-editor\" data-id=\"ffbd853\" data-element_type=\"widget\" data-widget_type=\"text-editor.default\">\n\t\t\t\t<div class=\"elementor-widget-container\">\n\t\t\t\t\t\t\t<p>Alejandra vera <br \/>matos<\/p>\n\t\t\t\t\t\t<\/div>\n\t\t\t\t<\/div>\n\t\t\t\t<div class=\"elementor-element elementor-element-419bd51 blackLink elementor-widget-mobile__width-initial elementor-hidden-mobile_extra elementor-hidden-mobile elementor-widget elementor-widget-text-editor\" data-id=\"419bd51\" data-element_type=\"widget\" data-widget_type=\"text-editor.default\">\n\t\t\t\t<div class=\"elementor-widget-container\">\n\t\t\t\t\t\t\t<p><span style=\"text-decoration: underline;\"><a href=\"mailto:ALE@fernandezvera.com\">ALE@fernandezvera.com<\/a><\/span><\/p>\n\t\t\t\t\t\t<\/div>\n\t\t\t\t<\/div>\n\t\t\t\t<div class=\"elementor-element elementor-element-02a1751 elementor-widget elementor-widget-text-editor\" data-id=\"02a1751\" data-element_type=\"widget\" data-widget_type=\"text-editor.default\">\n\t\t\t\t<div class=\"elementor-widget-container\">\n\t\t\t\t\t\t\t<p>(Directora Creativa y Fot\u00f3grafa)<\/p>\t\t\t\t\t\t<\/div>\n\t\t\t\t<\/div>\n\t\t\t\t<div class=\"elementor-element elementor-element-e177a4d blackLink elementor-widget-mobile__width-initial elementor-hidden-desktop elementor-hidden-tablet elementor-hidden-mobile_extra elementor-widget elementor-widget-text-editor\" data-id=\"e177a4d\" data-element_type=\"widget\" data-widget_type=\"text-editor.default\">\n\t\t\t\t<div class=\"elementor-widget-container\">\n\t\t\t\t\t\t\t<p><span style=\"text-decoration: underline;\"><a href=\"mailto:ALE@fernandezvera.com\">ALE@fernand<\/a><\/span><\/p>\n\t\t\t\t\t\t<\/div>\n\t\t\t\t<\/div>\n\t\t\t\t<div class=\"elementor-element elementor-element-462ad29 blackLink elementor-widget-mobile__width-initial elementor-hidden-desktop elementor-hidden-tablet elementor-hidden-mobile_extra elementor-widget elementor-widget-text-editor\" data-id=\"462ad29\" data-element_type=\"widget\" data-widget_type=\"text-editor.default\">\n\t\t\t\t<div class=\"elementor-widget-container\">\n\t\t\t\t\t\t\t<p><span style=\"text-decoration: underline;\"><a href=\"mailto:ALE@fernandezvera.com\">ezvera.com<\/a><\/span><\/p>\n\t\t\t\t\t\t<\/div>\n\t\t\t\t<\/div>\n\t\t\t\t<div class=\"elementor-element elementor-element-6f95db8 blackLink elementor-widget elementor-widget-text-editor\" data-id=\"6f95db8\" data-element_type=\"widget\" data-widget_type=\"text-editor.default\">\n\t\t\t\t<div class=\"elementor-widget-container\">\n\t\t\t\t\t\t\t<p>(+34) 603 730 981<\/p>\n\t\t\t\t\t\t<\/div>\n\t\t\t\t<\/div>\n\t\t\t\t<div class=\"elementor-element elementor-element-fdb0ec9 elementor-widget__width-initial elementor-widget elementor-widget-image\" data-id=\"fdb0ec9\" data-element_type=\"widget\" data-widget_type=\"image.default\">\n\t\t\t\t<div class=\"elementor-widget-container\">\n\t\t\t<style>\/*! elementor - v3.20.0 - 13-03-2024 *\/\n.elementor-widget-image{text-align:center}.elementor-widget-image a{display:inline-block}.elementor-widget-image a img[src$=\".svg\"]{width:48px}.elementor-widget-image img{vertical-align:middle;display:inline-block}<\/style>\t\t\t\t\t\t\t\t\t\t<img decoding=\"async\" width=\"168\" height=\"52\" src=\"https:\/\/www.fernandezvera.com\/wp-content\/uploads\/2023\/12\/Frame-3.svg\" class=\"elementor-animation-shrink attachment-large size-large wp-image-1376\" alt=\"\" \/>\t\t\t\t\t\t\t\t\t\t\t\t\t<\/div>\n\t\t\t\t<\/div>\n\t\t\t\t<div class=\"elementor-element elementor-element-43400a6 elementor-widget__width-initial elementor-widget elementor-widget-text-editor\" data-id=\"43400a6\" data-element_type=\"widget\" id=\"linksContacto\" data-widget_type=\"text-editor.default\">\n\t\t\t\t<div class=\"elementor-widget-container\">\n\t\t\t\t\t\t\t<a href=\"https:\/\/www.instagram.com\/fdez.vera\/\" target=\"_blank\" rel=\"noopener\">INSTAGRAM<\/a> \/ <a href=\"https:\/\/vimeo.com\/fernandezvera\" target=\"_blank\" rel=\"noopener\">VIMEO<\/a>\u00a0\/ <a href=\"https:\/\/www.linkedin.com\/in\/fernandezvera\/\" target=\"_blank\" rel=\"noopener\">LINKEDIN<\/a>\t\t\t\t\t\t<\/div>\n\t\t\t\t<\/div>\n\t\t\t\t<\/div>\n\t\t\t\t<\/div>\n\t\t\t\t<\/div>\n\t\t\t\t<\/div>\n\t\t","protected":false},"excerpt":{"rendered":"<p>Tatiana Fern\u00e1ndez Ram\u00edrez (Productora Ejecutiva) tati@fernandezvera.com tati@fernand ezvera.com (+34) 603 730 981 Alejandra vera matos ALE@fernandezvera.com (Directora Creativa y Fot\u00f3grafa) ALE@fernand ezvera.com (+34) 603 730 981 INSTAGRAM \/ VIMEO\u00a0\/ LINKEDIN<\/p>\n","protected":false},"author":2,"featured_media":0,"parent":0,"menu_order":0,"comment_status":"closed","ping_status":"closed","template":"elementor_header_footer","meta":{"_acf_changed":false,"footnotes":""},"class_list":["post-1405","page","type-page","status-publish","hentry"],"acf":[],"yoast_head":"<!-- This site is optimized with the Yoast SEO plugin v23.1 - https:\/\/yoast.com\/wordpress\/plugins\/seo\/ -->\n<title>Contacto - FERN\u00c1NDEZ VERA<\/title>\n<meta name=\"robots\" content=\"index, follow, max-snippet:-1, max-image-preview:large, max-video-preview:-1\" \/>\n<link rel=\"canonical\" href=\"https:\/\/www.fernandezvera.com\/es\/contacto\" \/>\n<meta property=\"og:locale\" content=\"es_ES\" \/>\n<meta property=\"og:type\" content=\"article\" \/>\n<meta property=\"og:title\" content=\"Contacto - FERN\u00c1NDEZ VERA\" \/>\n<meta property=\"og:description\" content=\"Tatiana Fern\u00e1ndez Ram\u00edrez (Productora Ejecutiva) tati@fernandezvera.com tati@fernand ezvera.com (+34) 603 730 981 Alejandra vera matos ALE@fernandezvera.com (Directora Creativa y Fot\u00f3grafa) ALE@fernand ezvera.com (+34) 603 730 981 INSTAGRAM \/ VIMEO\u00a0\/ LINKEDIN\" \/>\n<meta property=\"og:url\" content=\"https:\/\/www.fernandezvera.com\/es\/contacto\" \/>\n<meta property=\"og:site_name\" content=\"FERN\u00c1NDEZ VERA\" \/>\n<meta property=\"article:modified_time\" content=\"2024-02-15T14:20:24+00:00\" \/>\n<meta property=\"og:image\" content=\"https:\/\/www.fernandezvera.com\/wp-content\/uploads\/2023\/12\/Frame-3.svg\" \/>\n<meta name=\"twitter:card\" content=\"summary_large_image\" \/>\n<script type=\"application\/ld+json\" class=\"yoast-schema-graph\">{\"@context\":\"https:\/\/schema.org\",\"@graph\":[{\"@type\":\"WebPage\",\"@id\":\"https:\/\/www.fernandezvera.com\/es\/contacto\",\"url\":\"https:\/\/www.fernandezvera.com\/es\/contacto\",\"name\":\"Contacto - FERN\u00c1NDEZ VERA\",\"isPartOf\":{\"@id\":\"https:\/\/www.fernandezvera.com\/#website\"},\"primaryImageOfPage\":{\"@id\":\"https:\/\/www.fernandezvera.com\/es\/contacto#primaryimage\"},\"image\":{\"@id\":\"https:\/\/www.fernandezvera.com\/es\/contacto#primaryimage\"},\"thumbnailUrl\":\"https:\/\/www.fernandezvera.com\/wp-content\/uploads\/2023\/12\/Frame-3.svg\",\"datePublished\":\"2023-12-15T13:43:18+00:00\",\"dateModified\":\"2024-02-15T14:20:24+00:00\",\"breadcrumb\":{\"@id\":\"https:\/\/www.fernandezvera.com\/es\/contacto#breadcrumb\"},\"inLanguage\":\"es\",\"potentialAction\":[{\"@type\":\"ReadAction\",\"target\":[\"https:\/\/www.fernandezvera.com\/es\/contacto\"]}]},{\"@type\":\"ImageObject\",\"inLanguage\":\"es\",\"@id\":\"https:\/\/www.fernandezvera.com\/es\/contacto#primaryimage\",\"url\":\"https:\/\/www.fernandezvera.com\/wp-content\/uploads\/2023\/12\/Frame-3.svg\",\"contentUrl\":\"https:\/\/www.fernandezvera.com\/wp-content\/uploads\/2023\/12\/Frame-3.svg\"},{\"@type\":\"BreadcrumbList\",\"@id\":\"https:\/\/www.fernandezvera.com\/es\/contacto#breadcrumb\",\"itemListElement\":[{\"@type\":\"ListItem\",\"position\":1,\"name\":\"Home\",\"item\":\"https:\/\/www.fernandezvera.com\/es\"},{\"@type\":\"ListItem\",\"position\":2,\"name\":\"Contacto\"}]},{\"@type\":\"WebSite\",\"@id\":\"https:\/\/www.fernandezvera.com\/#website\",\"url\":\"https:\/\/www.fernandezvera.com\/\",\"name\":\"FERN\u00c1NDEZ VERA\",\"description\":\"Women Run Creative Production Company - Based Worldwide.\",\"publisher\":{\"@id\":\"https:\/\/www.fernandezvera.com\/#organization\"},\"potentialAction\":[{\"@type\":\"SearchAction\",\"target\":{\"@type\":\"EntryPoint\",\"urlTemplate\":\"https:\/\/www.fernandezvera.com\/?s={search_term_string}\"},\"query-input\":\"required name=search_term_string\"}],\"inLanguage\":\"es\"},{\"@type\":\"Organization\",\"@id\":\"https:\/\/www.fernandezvera.com\/#organization\",\"name\":\"FERN\u00c1NDEZ VERA\",\"url\":\"https:\/\/www.fernandezvera.com\/\",\"logo\":{\"@type\":\"ImageObject\",\"inLanguage\":\"es\",\"@id\":\"https:\/\/www.fernandezvera.com\/#\/schema\/logo\/image\/\",\"url\":\"https:\/\/www.fernandezvera.com\/wp-content\/uploads\/2023\/12\/FernandezVera.svg\",\"contentUrl\":\"https:\/\/www.fernandezvera.com\/wp-content\/uploads\/2023\/12\/FernandezVera.svg\",\"width\":132,\"height\":77,\"caption\":\"FERN\u00c1NDEZ VERA\"},\"image\":{\"@id\":\"https:\/\/www.fernandezvera.com\/#\/schema\/logo\/image\/\"},\"sameAs\":[\"https:\/\/www.instagram.com\/fdez.vera\/\",\"https:\/\/vimeo.com\/fernandezvera\",\"https:\/\/www.linkedin.com\/in\/fernandezvera\/\"]}]}<\/script>\n<!-- \/ Yoast SEO plugin. -->","yoast_head_json":{"title":"Contacto - FERN\u00c1NDEZ VERA","robots":{"index":"index","follow":"follow","max-snippet":"max-snippet:-1","max-image-preview":"max-image-preview:large","max-video-preview":"max-video-preview:-1"},"canonical":"https:\/\/www.fernandezvera.com\/es\/contacto","og_locale":"es_ES","og_type":"article","og_title":"Contacto - FERN\u00c1NDEZ VERA","og_description":"Tatiana Fern\u00e1ndez Ram\u00edrez (Productora Ejecutiva) tati@fernandezvera.com tati@fernand ezvera.com (+34) 603 730 981 Alejandra vera matos ALE@fernandezvera.com (Directora Creativa y Fot\u00f3grafa) ALE@fernand ezvera.com (+34) 603 730 981 INSTAGRAM \/ VIMEO\u00a0\/ LINKEDIN","og_url":"https:\/\/www.fernandezvera.com\/es\/contacto","og_site_name":"FERN\u00c1NDEZ VERA","article_modified_time":"2024-02-15T14:20:24+00:00","og_image":[{"url":"https:\/\/www.fernandezvera.com\/wp-content\/uploads\/2023\/12\/Frame-3.svg"}],"twitter_card":"summary_large_image","schema":{"@context":"https:\/\/schema.org","@graph":[{"@type":"WebPage","@id":"https:\/\/www.fernandezvera.com\/es\/contacto","url":"https:\/\/www.fernandezvera.com\/es\/contacto","name":"Contacto - FERN\u00c1NDEZ VERA","isPartOf":{"@id":"https:\/\/www.fernandezvera.com\/#website"},"primaryImageOfPage":{"@id":"https:\/\/www.fernandezvera.com\/es\/contacto#primaryimage"},"image":{"@id":"https:\/\/www.fernandezvera.com\/es\/contacto#primaryimage"},"thumbnailUrl":"https:\/\/www.fernandezvera.com\/wp-content\/uploads\/2023\/12\/Frame-3.svg","datePublished":"2023-12-15T13:43:18+00:00","dateModified":"2024-02-15T14:20:24+00:00","breadcrumb":{"@id":"https:\/\/www.fernandezvera.com\/es\/contacto#breadcrumb"},"inLanguage":"es","potentialAction":[{"@type":"ReadAction","target":["https:\/\/www.fernandezvera.com\/es\/contacto"]}]},{"@type":"ImageObject","inLanguage":"es","@id":"https:\/\/www.fernandezvera.com\/es\/contacto#primaryimage","url":"https:\/\/www.fernandezvera.com\/wp-content\/uploads\/2023\/12\/Frame-3.svg","contentUrl":"https:\/\/www.fernandezvera.com\/wp-content\/uploads\/2023\/12\/Frame-3.svg"},{"@type":"BreadcrumbList","@id":"https:\/\/www.fernandezvera.com\/es\/contacto#breadcrumb","itemListElement":[{"@type":"ListItem","position":1,"name":"Home","item":"https:\/\/www.fernandezvera.com\/es"},{"@type":"ListItem","position":2,"name":"Contacto"}]},{"@type":"WebSite","@id":"https:\/\/www.fernandezvera.com\/#website","url":"https:\/\/www.fernandezvera.com\/","name":"FERN\u00c1NDEZ VERA","description":"Women Run Creative Production Company - Based Worldwide.","publisher":{"@id":"https:\/\/www.fernandezvera.com\/#organization"},"potentialAction":[{"@type":"SearchAction","target":{"@type":"EntryPoint","urlTemplate":"https:\/\/www.fernandezvera.com\/?s={search_term_string}"},"query-input":"required name=search_term_string"}],"inLanguage":"es"},{"@type":"Organization","@id":"https:\/\/www.fernandezvera.com\/#organization","name":"FERN\u00c1NDEZ VERA","url":"https:\/\/www.fernandezvera.com\/","logo":{"@type":"ImageObject","inLanguage":"es","@id":"https:\/\/www.fernandezvera.com\/#\/schema\/logo\/image\/","url":"https:\/\/www.fernandezvera.com\/wp-content\/uploads\/2023\/12\/FernandezVera.svg","contentUrl":"https:\/\/www.fernandezvera.com\/wp-content\/uploads\/2023\/12\/FernandezVera.svg","width":132,"height":77,"caption":"FERN\u00c1NDEZ VERA"},"image":{"@id":"https:\/\/www.fernandezvera.com\/#\/schema\/logo\/image\/"},"sameAs":["https:\/\/www.instagram.com\/fdez.vera\/","https:\/\/vimeo.com\/fernandezvera","https:\/\/www.linkedin.com\/in\/fernandezvera\/"]}]}},"_links":{"self":[{"href":"https:\/\/www.fernandezvera.com\/es\/wp-json\/wp\/v2\/pages\/1405","targetHints":{"allow":["GET"]}}],"collection":[{"href":"https:\/\/www.fernandezvera.com\/es\/wp-json\/wp\/v2\/pages"}],"about":[{"href":"https:\/\/www.fernandezvera.com\/es\/wp-json\/wp\/v2\/types\/page"}],"author":[{"embeddable":true,"href":"https:\/\/www.fernandezvera.com\/es\/wp-json\/wp\/v2\/users\/2"}],"replies":[{"embeddable":true,"href":"https:\/\/www.fernandezvera.com\/es\/wp-json\/wp\/v2\/comments?post=1405"}],"version-history":[{"count":30,"href":"https:\/\/www.fernandezvera.com\/es\/wp-json\/wp\/v2\/pages\/1405\/revisions"}],"predecessor-version":[{"id":2345,"href":"https:\/\/www.fernandezvera.com\/es\/wp-json\/wp\/v2\/pages\/1405\/revisions\/2345"}],"wp:attachment":[{"href":"https:\/\/www.fernandezvera.com\/es\/wp-json\/wp\/v2\/media?parent=1405"}],"curies":[{"name":"wp","href":"https:\/\/api.w.org\/{rel}","templated":true}]}}