{"id":1401,"date":"2023-12-12T13:46:49","date_gmt":"2023-12-12T13:46:49","guid":{"rendered":"https:\/\/fernandezvera.com\/about"},"modified":"2024-07-11T10:34:19","modified_gmt":"2024-07-11T10:34:19","slug":"about","status":"publish","type":"page","link":"https:\/\/www.fernandezvera.com\/es\/about","title":{"rendered":"Nosotras"},"content":{"rendered":"\t\t<div data-elementor-type=\"wp-page\" data-elementor-id=\"1401\" class=\"elementor elementor-1401 elementor-304\" data-elementor-settings=\"{&quot;premium_particles_zindex&quot;:0,&quot;premium_particles_responsive&quot;:[&quot;desktop&quot;,&quot;tablet&quot;,&quot;mobile&quot;]}\" data-elementor-post-type=\"page\">\n\t\t\t\t<div class=\"elementor-element elementor-element-43d8fcf9 e-con-full e-flex e-con e-parent\" data-id=\"43d8fcf9\" data-element_type=\"container\" data-settings=\"{&quot;background_background&quot;:&quot;classic&quot;,&quot;premium_particles_zindex&quot;:0,&quot;premium_particles_responsive&quot;:[&quot;desktop&quot;,&quot;tablet&quot;,&quot;mobile&quot;]}\" data-core-v316-plus=\"true\">\n\t\t<div class=\"elementor-element elementor-element-1454911a e-con-full elementor-hidden-tablet elementor-hidden-mobile_extra elementor-hidden-mobile e-flex e-con e-child\" data-id=\"1454911a\" data-element_type=\"container\" data-settings=\"{&quot;background_background&quot;:&quot;classic&quot;,&quot;premium_particles_zindex&quot;:0,&quot;premium_particles_responsive&quot;:[&quot;desktop&quot;,&quot;tablet&quot;,&quot;mobile&quot;]}\">\n\t\t\t\t<\/div>\n\t\t<div class=\"elementor-element elementor-element-4615d704 e-con-full e-flex e-con e-child\" data-id=\"4615d704\" data-element_type=\"container\" data-settings=\"{&quot;premium_particles_zindex&quot;:0,&quot;premium_particles_responsive&quot;:[&quot;desktop&quot;,&quot;tablet&quot;,&quot;mobile&quot;]}\">\n\t\t<div class=\"elementor-element elementor-element-497a83ec e-con-full e-flex e-con e-child\" data-id=\"497a83ec\" data-element_type=\"container\" data-settings=\"{&quot;premium_particles_zindex&quot;:0,&quot;premium_particles_responsive&quot;:[&quot;desktop&quot;,&quot;tablet&quot;,&quot;mobile&quot;]}\">\n\t\t\t\t<div class=\"elementor-element elementor-element-78e08fe elementor-widget elementor-widget-heading\" data-id=\"78e08fe\" data-element_type=\"widget\" data-widget_type=\"heading.default\">\n\t\t\t\t<div class=\"elementor-widget-container\">\n\t\t\t<style>\/*! elementor - v3.20.0 - 13-03-2024 *\/\n.elementor-heading-title{padding:0;margin:0;line-height:1}.elementor-widget-heading .elementor-heading-title[class*=elementor-size-]>a{color:inherit;font-size:inherit;line-height:inherit}.elementor-widget-heading .elementor-heading-title.elementor-size-small{font-size:15px}.elementor-widget-heading .elementor-heading-title.elementor-size-medium{font-size:19px}.elementor-widget-heading .elementor-heading-title.elementor-size-large{font-size:29px}.elementor-widget-heading .elementor-heading-title.elementor-size-xl{font-size:39px}.elementor-widget-heading .elementor-heading-title.elementor-size-xxl{font-size:59px}<\/style><h1 class=\"elementor-heading-title elementor-size-default\">FERN\u00c1NDEZ VERA<\/h1>\t\t<\/div>\n\t\t\t\t<\/div>\n\t\t\t\t<div class=\"elementor-element elementor-element-019cae2 elementor-widget elementor-widget-heading\" data-id=\"019cae2\" data-element_type=\"widget\" data-widget_type=\"heading.default\">\n\t\t\t\t<div class=\"elementor-widget-container\">\n\t\t\t<h1 class=\"elementor-heading-title elementor-size-default\"><span style=\"font-size: 32px; font-weight: 400; white-space-collapse: collapse;\">ES UNA PRODUCTORA CREATIVA CON SEDE EN ESPA\u00d1A Y EL MUNDO, DIRIGIDA \u00cdNTEGRAMENTE POR&nbsp;<\/span><span style=\"font-size: 32px; font-weight: 400; white-space-collapse: collapse; text-decoration-line: underline;\">MUJERES.<\/span><\/h1>\t\t<\/div>\n\t\t\t\t<\/div>\n\t\t\t\t<div class=\"elementor-element elementor-element-fe82846 elementor-widget elementor-widget-heading\" data-id=\"fe82846\" data-element_type=\"widget\" data-widget_type=\"heading.default\">\n\t\t\t\t<div class=\"elementor-widget-container\">\n\t\t\t<h1 class=\"elementor-heading-title elementor-size-default\"><span style=\"font-size: 28px; font-weight: 400; text-transform: none; white-space-collapse: collapse;\">Para nosotras, la premisa es, &nbsp;<\/span><span style=\"font-size: 28px; font-weight: 400; text-transform: none; white-space-collapse: collapse;\">\"Lo que nos hace fuertes: estar enamoradas y trabajar\u201d,<\/span><br style=\"font-size: 28px; font-weight: 400; text-transform: none; white-space-collapse: collapse;\"><span style=\"font-weight: bolder; font-size: 28px; text-transform: none; white-space-collapse: collapse;\">como dijo Susan Sontag, y nosotras la suscribimos.<\/span><\/h1>\t\t<\/div>\n\t\t\t\t<\/div>\n\t\t\t\t<div class=\"elementor-element elementor-element-966d607 elementor-widget elementor-widget-spacer\" data-id=\"966d607\" data-element_type=\"widget\" data-widget_type=\"spacer.default\">\n\t\t\t\t<div class=\"elementor-widget-container\">\n\t\t\t<style>\/*! elementor - v3.20.0 - 13-03-2024 *\/\n.elementor-column .elementor-spacer-inner{height:var(--spacer-size)}.e-con{--container-widget-width:100%}.e-con-inner>.elementor-widget-spacer,.e-con>.elementor-widget-spacer{width:var(--container-widget-width,var(--spacer-size));--align-self:var(--container-widget-align-self,initial);--flex-shrink:0}.e-con-inner>.elementor-widget-spacer>.elementor-widget-container,.e-con>.elementor-widget-spacer>.elementor-widget-container{height:100%;width:100%}.e-con-inner>.elementor-widget-spacer>.elementor-widget-container>.elementor-spacer,.e-con>.elementor-widget-spacer>.elementor-widget-container>.elementor-spacer{height:100%}.e-con-inner>.elementor-widget-spacer>.elementor-widget-container>.elementor-spacer>.elementor-spacer-inner,.e-con>.elementor-widget-spacer>.elementor-widget-container>.elementor-spacer>.elementor-spacer-inner{height:var(--container-widget-height,var(--spacer-size))}.e-con-inner>.elementor-widget-spacer.elementor-widget-empty,.e-con>.elementor-widget-spacer.elementor-widget-empty{position:relative;min-height:22px;min-width:22px}.e-con-inner>.elementor-widget-spacer.elementor-widget-empty .elementor-widget-empty-icon,.e-con>.elementor-widget-spacer.elementor-widget-empty .elementor-widget-empty-icon{position:absolute;top:0;bottom:0;left:0;right:0;margin:auto;padding:0;width:22px;height:22px}<\/style>\t\t<div class=\"elementor-spacer\">\n\t\t\t<div class=\"elementor-spacer-inner\"><\/div>\n\t\t<\/div>\n\t\t\t\t<\/div>\n\t\t\t\t<\/div>\n\t\t\t\t<div class=\"elementor-element elementor-element-6ff4ae8 e-transform elementor-widget elementor-widget-image\" data-id=\"6ff4ae8\" data-element_type=\"widget\" data-settings=\"{&quot;_transform_rotateZ_effect&quot;:{&quot;unit&quot;:&quot;px&quot;,&quot;size&quot;:3,&quot;sizes&quot;:[]},&quot;_transform_rotateZ_effect_laptop&quot;:{&quot;unit&quot;:&quot;deg&quot;,&quot;size&quot;:&quot;&quot;,&quot;sizes&quot;:[]},&quot;_transform_rotateZ_effect_tablet_extra&quot;:{&quot;unit&quot;:&quot;deg&quot;,&quot;size&quot;:&quot;&quot;,&quot;sizes&quot;:[]},&quot;_transform_rotateZ_effect_tablet&quot;:{&quot;unit&quot;:&quot;deg&quot;,&quot;size&quot;:&quot;&quot;,&quot;sizes&quot;:[]},&quot;_transform_rotateZ_effect_mobile_extra&quot;:{&quot;unit&quot;:&quot;deg&quot;,&quot;size&quot;:&quot;&quot;,&quot;sizes&quot;:[]},&quot;_transform_rotateZ_effect_mobile&quot;:{&quot;unit&quot;:&quot;deg&quot;,&quot;size&quot;:&quot;&quot;,&quot;sizes&quot;:[]}}\" data-widget_type=\"image.default\">\n\t\t\t\t<div class=\"elementor-widget-container\">\n\t\t\t<style>\/*! elementor - v3.20.0 - 13-03-2024 *\/\n.elementor-widget-image{text-align:center}.elementor-widget-image a{display:inline-block}.elementor-widget-image a img[src$=\".svg\"]{width:48px}.elementor-widget-image img{vertical-align:middle;display:inline-block}<\/style>\t\t\t\t\t\t\t\t\t\t<img decoding=\"async\" width=\"149\" height=\"14\" src=\"https:\/\/www.fernandezvera.com\/wp-content\/uploads\/2024\/01\/Transparent.png\" class=\"elementor-animation-shrink attachment-large size-large wp-image-1231\" alt=\"\" \/>\t\t\t\t\t\t\t\t\t\t\t\t\t<\/div>\n\t\t\t\t<\/div>\n\t\t\t\t<div class=\"elementor-element elementor-element-4cdb54b elementor-widget elementor-widget-heading\" data-id=\"4cdb54b\" data-element_type=\"widget\" data-widget_type=\"heading.default\">\n\t\t\t\t<div class=\"elementor-widget-container\">\n\t\t\t<h1 class=\"elementor-heading-title elementor-size-default\"><span style=\"font-size: 28px;line-height:30px; font-weight: 400; text-transform: none; white-space-collapse: collapse;\">Especializadas en soluciones creativas para cine, v\u00eddeo y fotograf\u00eda, representaci\u00f3n de talentos y service. Nuestra identidad est\u00e1 basada en el respeto por el medioambiente, el trabajo en equipo y una \u00e9tica laboral inquebrantable.<\/span><\/h1>\t\t<\/div>\n\t\t\t\t<\/div>\n\t\t\t\t<div class=\"elementor-element elementor-element-115ee78 elementor-widget elementor-widget-heading\" data-id=\"115ee78\" data-element_type=\"widget\" data-widget_type=\"heading.default\">\n\t\t\t\t<div class=\"elementor-widget-container\">\n\t\t\t<h1 class=\"elementor-heading-title elementor-size-default\"><span style=\"font-size: 28px;line-height:30px; font-weight: 400; text-transform: none; white-space-collapse: collapse;\"> Tenemos la certeza de que esto hace realmente la diferencia a la hora de entregar a nuestrxs clientes los resultados que esperan, siempre desde el cuidado y respeto.<\/span><\/h1>\t\t<\/div>\n\t\t\t\t<\/div>\n\t\t\t\t<\/div>\n\t\t\t\t<\/div>\n\t\t\t\t<\/div>\n\t\t<div class=\"elementor-element elementor-element-42ab24b4 e-flex e-con-boxed e-con e-parent\" data-id=\"42ab24b4\" data-element_type=\"container\" data-settings=\"{&quot;background_background&quot;:&quot;classic&quot;,&quot;premium_particles_zindex&quot;:0,&quot;premium_particles_responsive&quot;:[&quot;desktop&quot;,&quot;tablet&quot;,&quot;mobile&quot;]}\" data-core-v316-plus=\"true\">\n\t\t\t\t\t<div class=\"e-con-inner\">\n\t\t<div class=\"elementor-element elementor-element-6a97156f e-flex e-con-boxed e-con e-child\" data-id=\"6a97156f\" data-element_type=\"container\" data-settings=\"{&quot;background_background&quot;:&quot;classic&quot;,&quot;premium_particles_zindex&quot;:0,&quot;premium_particles_responsive&quot;:[&quot;desktop&quot;,&quot;tablet&quot;,&quot;mobile&quot;]}\">\n\t\t\t\t\t<div class=\"e-con-inner\">\n\t\t\t\t\t<\/div>\n\t\t\t\t<\/div>\n\t\t\t\t\t<\/div>\n\t\t\t\t<\/div>\n\t\t\t\t<\/div>\n\t\t","protected":false},"excerpt":{"rendered":"<p>FERN\u00c1NDEZ VERA ES UNA PRODUCTORA CREATIVA CON SEDE EN ESPA\u00d1A Y EL MUNDO, DIRIGIDA \u00cdNTEGRAMENTE POR&nbsp;MUJERES. Para nosotras, la premisa es, &nbsp;\u00abLo que nos hace fuertes: estar enamoradas y trabajar\u201d,como dijo Susan Sontag, y nosotras la suscribimos. Especializadas en soluciones creativas para cine, v\u00eddeo y fotograf\u00eda, representaci\u00f3n de talentos y service. Nuestra identidad est\u00e1 basada [&hellip;]<\/p>\n","protected":false},"author":2,"featured_media":0,"parent":0,"menu_order":0,"comment_status":"closed","ping_status":"closed","template":"elementor_header_footer","meta":{"_acf_changed":false,"footnotes":""},"class_list":["post-1401","page","type-page","status-publish","hentry"],"acf":[],"yoast_head":"<!-- This site is optimized with the Yoast SEO plugin v23.1 - https:\/\/yoast.com\/wordpress\/plugins\/seo\/ -->\n<title>Nosotras - FERN\u00c1NDEZ VERA<\/title>\n<meta name=\"robots\" content=\"index, follow, max-snippet:-1, max-image-preview:large, max-video-preview:-1\" \/>\n<link rel=\"canonical\" href=\"https:\/\/www.fernandezvera.com\/es\/about\" \/>\n<meta property=\"og:locale\" content=\"es_ES\" \/>\n<meta property=\"og:type\" content=\"article\" \/>\n<meta property=\"og:title\" content=\"Nosotras - FERN\u00c1NDEZ VERA\" \/>\n<meta property=\"og:description\" content=\"FERN\u00c1NDEZ VERA ES UNA PRODUCTORA CREATIVA CON SEDE EN ESPA\u00d1A Y EL MUNDO, DIRIGIDA \u00cdNTEGRAMENTE POR&nbsp;MUJERES. Para nosotras, la premisa es, &nbsp;\u00abLo que nos hace fuertes: estar enamoradas y trabajar\u201d,como dijo Susan Sontag, y nosotras la suscribimos. Especializadas en soluciones creativas para cine, v\u00eddeo y fotograf\u00eda, representaci\u00f3n de talentos y service. Nuestra identidad est\u00e1 basada [&hellip;]\" \/>\n<meta property=\"og:url\" content=\"https:\/\/www.fernandezvera.com\/es\/about\" \/>\n<meta property=\"og:site_name\" content=\"FERN\u00c1NDEZ VERA\" \/>\n<meta property=\"article:modified_time\" content=\"2024-07-11T10:34:19+00:00\" \/>\n<meta property=\"og:image\" content=\"https:\/\/www.fernandezvera.com\/wp-content\/uploads\/2024\/01\/Transparent.png\" \/>\n<meta name=\"twitter:card\" content=\"summary_large_image\" \/>\n<meta name=\"twitter:label1\" content=\"Tiempo de lectura\" \/>\n\t<meta name=\"twitter:data1\" content=\"1 minuto\" \/>\n<script type=\"application\/ld+json\" class=\"yoast-schema-graph\">{\"@context\":\"https:\/\/schema.org\",\"@graph\":[{\"@type\":\"WebPage\",\"@id\":\"https:\/\/www.fernandezvera.com\/es\/about\",\"url\":\"https:\/\/www.fernandezvera.com\/es\/about\",\"name\":\"Nosotras - FERN\u00c1NDEZ VERA\",\"isPartOf\":{\"@id\":\"https:\/\/www.fernandezvera.com\/#website\"},\"primaryImageOfPage\":{\"@id\":\"https:\/\/www.fernandezvera.com\/es\/about#primaryimage\"},\"image\":{\"@id\":\"https:\/\/www.fernandezvera.com\/es\/about#primaryimage\"},\"thumbnailUrl\":\"https:\/\/www.fernandezvera.com\/wp-content\/uploads\/2024\/01\/Transparent.png\",\"datePublished\":\"2023-12-12T13:46:49+00:00\",\"dateModified\":\"2024-07-11T10:34:19+00:00\",\"breadcrumb\":{\"@id\":\"https:\/\/www.fernandezvera.com\/es\/about#breadcrumb\"},\"inLanguage\":\"es\",\"potentialAction\":[{\"@type\":\"ReadAction\",\"target\":[\"https:\/\/www.fernandezvera.com\/es\/about\"]}]},{\"@type\":\"ImageObject\",\"inLanguage\":\"es\",\"@id\":\"https:\/\/www.fernandezvera.com\/es\/about#primaryimage\",\"url\":\"https:\/\/www.fernandezvera.com\/wp-content\/uploads\/2024\/01\/Transparent.png\",\"contentUrl\":\"https:\/\/www.fernandezvera.com\/wp-content\/uploads\/2024\/01\/Transparent.png\"},{\"@type\":\"BreadcrumbList\",\"@id\":\"https:\/\/www.fernandezvera.com\/es\/about#breadcrumb\",\"itemListElement\":[{\"@type\":\"ListItem\",\"position\":1,\"name\":\"Home\",\"item\":\"https:\/\/www.fernandezvera.com\/es\"},{\"@type\":\"ListItem\",\"position\":2,\"name\":\"Nosotras\"}]},{\"@type\":\"WebSite\",\"@id\":\"https:\/\/www.fernandezvera.com\/#website\",\"url\":\"https:\/\/www.fernandezvera.com\/\",\"name\":\"FERN\u00c1NDEZ VERA\",\"description\":\"Women Run Creative Production Company - Based Worldwide.\",\"publisher\":{\"@id\":\"https:\/\/www.fernandezvera.com\/#organization\"},\"potentialAction\":[{\"@type\":\"SearchAction\",\"target\":{\"@type\":\"EntryPoint\",\"urlTemplate\":\"https:\/\/www.fernandezvera.com\/?s={search_term_string}\"},\"query-input\":\"required name=search_term_string\"}],\"inLanguage\":\"es\"},{\"@type\":\"Organization\",\"@id\":\"https:\/\/www.fernandezvera.com\/#organization\",\"name\":\"FERN\u00c1NDEZ VERA\",\"url\":\"https:\/\/www.fernandezvera.com\/\",\"logo\":{\"@type\":\"ImageObject\",\"inLanguage\":\"es\",\"@id\":\"https:\/\/www.fernandezvera.com\/#\/schema\/logo\/image\/\",\"url\":\"https:\/\/www.fernandezvera.com\/wp-content\/uploads\/2023\/12\/FernandezVera.svg\",\"contentUrl\":\"https:\/\/www.fernandezvera.com\/wp-content\/uploads\/2023\/12\/FernandezVera.svg\",\"width\":132,\"height\":77,\"caption\":\"FERN\u00c1NDEZ VERA\"},\"image\":{\"@id\":\"https:\/\/www.fernandezvera.com\/#\/schema\/logo\/image\/\"},\"sameAs\":[\"https:\/\/www.instagram.com\/fdez.vera\/\",\"https:\/\/vimeo.com\/fernandezvera\",\"https:\/\/www.linkedin.com\/in\/fernandezvera\/\"]}]}<\/script>\n<!-- \/ Yoast SEO plugin. -->","yoast_head_json":{"title":"Nosotras - FERN\u00c1NDEZ VERA","robots":{"index":"index","follow":"follow","max-snippet":"max-snippet:-1","max-image-preview":"max-image-preview:large","max-video-preview":"max-video-preview:-1"},"canonical":"https:\/\/www.fernandezvera.com\/es\/about","og_locale":"es_ES","og_type":"article","og_title":"Nosotras - FERN\u00c1NDEZ VERA","og_description":"FERN\u00c1NDEZ VERA ES UNA PRODUCTORA CREATIVA CON SEDE EN ESPA\u00d1A Y EL MUNDO, DIRIGIDA \u00cdNTEGRAMENTE POR&nbsp;MUJERES. Para nosotras, la premisa es, &nbsp;\u00abLo que nos hace fuertes: estar enamoradas y trabajar\u201d,como dijo Susan Sontag, y nosotras la suscribimos. Especializadas en soluciones creativas para cine, v\u00eddeo y fotograf\u00eda, representaci\u00f3n de talentos y service. Nuestra identidad est\u00e1 basada [&hellip;]","og_url":"https:\/\/www.fernandezvera.com\/es\/about","og_site_name":"FERN\u00c1NDEZ VERA","article_modified_time":"2024-07-11T10:34:19+00:00","og_image":[{"url":"https:\/\/www.fernandezvera.com\/wp-content\/uploads\/2024\/01\/Transparent.png"}],"twitter_card":"summary_large_image","twitter_misc":{"Tiempo de lectura":"1 minuto"},"schema":{"@context":"https:\/\/schema.org","@graph":[{"@type":"WebPage","@id":"https:\/\/www.fernandezvera.com\/es\/about","url":"https:\/\/www.fernandezvera.com\/es\/about","name":"Nosotras - FERN\u00c1NDEZ VERA","isPartOf":{"@id":"https:\/\/www.fernandezvera.com\/#website"},"primaryImageOfPage":{"@id":"https:\/\/www.fernandezvera.com\/es\/about#primaryimage"},"image":{"@id":"https:\/\/www.fernandezvera.com\/es\/about#primaryimage"},"thumbnailUrl":"https:\/\/www.fernandezvera.com\/wp-content\/uploads\/2024\/01\/Transparent.png","datePublished":"2023-12-12T13:46:49+00:00","dateModified":"2024-07-11T10:34:19+00:00","breadcrumb":{"@id":"https:\/\/www.fernandezvera.com\/es\/about#breadcrumb"},"inLanguage":"es","potentialAction":[{"@type":"ReadAction","target":["https:\/\/www.fernandezvera.com\/es\/about"]}]},{"@type":"ImageObject","inLanguage":"es","@id":"https:\/\/www.fernandezvera.com\/es\/about#primaryimage","url":"https:\/\/www.fernandezvera.com\/wp-content\/uploads\/2024\/01\/Transparent.png","contentUrl":"https:\/\/www.fernandezvera.com\/wp-content\/uploads\/2024\/01\/Transparent.png"},{"@type":"BreadcrumbList","@id":"https:\/\/www.fernandezvera.com\/es\/about#breadcrumb","itemListElement":[{"@type":"ListItem","position":1,"name":"Home","item":"https:\/\/www.fernandezvera.com\/es"},{"@type":"ListItem","position":2,"name":"Nosotras"}]},{"@type":"WebSite","@id":"https:\/\/www.fernandezvera.com\/#website","url":"https:\/\/www.fernandezvera.com\/","name":"FERN\u00c1NDEZ VERA","description":"Women Run Creative Production Company - Based Worldwide.","publisher":{"@id":"https:\/\/www.fernandezvera.com\/#organization"},"potentialAction":[{"@type":"SearchAction","target":{"@type":"EntryPoint","urlTemplate":"https:\/\/www.fernandezvera.com\/?s={search_term_string}"},"query-input":"required name=search_term_string"}],"inLanguage":"es"},{"@type":"Organization","@id":"https:\/\/www.fernandezvera.com\/#organization","name":"FERN\u00c1NDEZ VERA","url":"https:\/\/www.fernandezvera.com\/","logo":{"@type":"ImageObject","inLanguage":"es","@id":"https:\/\/www.fernandezvera.com\/#\/schema\/logo\/image\/","url":"https:\/\/www.fernandezvera.com\/wp-content\/uploads\/2023\/12\/FernandezVera.svg","contentUrl":"https:\/\/www.fernandezvera.com\/wp-content\/uploads\/2023\/12\/FernandezVera.svg","width":132,"height":77,"caption":"FERN\u00c1NDEZ VERA"},"image":{"@id":"https:\/\/www.fernandezvera.com\/#\/schema\/logo\/image\/"},"sameAs":["https:\/\/www.instagram.com\/fdez.vera\/","https:\/\/vimeo.com\/fernandezvera","https:\/\/www.linkedin.com\/in\/fernandezvera\/"]}]}},"_links":{"self":[{"href":"https:\/\/www.fernandezvera.com\/es\/wp-json\/wp\/v2\/pages\/1401","targetHints":{"allow":["GET"]}}],"collection":[{"href":"https:\/\/www.fernandezvera.com\/es\/wp-json\/wp\/v2\/pages"}],"about":[{"href":"https:\/\/www.fernandezvera.com\/es\/wp-json\/wp\/v2\/types\/page"}],"author":[{"embeddable":true,"href":"https:\/\/www.fernandezvera.com\/es\/wp-json\/wp\/v2\/users\/2"}],"replies":[{"embeddable":true,"href":"https:\/\/www.fernandezvera.com\/es\/wp-json\/wp\/v2\/comments?post=1401"}],"version-history":[{"count":70,"href":"https:\/\/www.fernandezvera.com\/es\/wp-json\/wp\/v2\/pages\/1401\/revisions"}],"predecessor-version":[{"id":3165,"href":"https:\/\/www.fernandezvera.com\/es\/wp-json\/wp\/v2\/pages\/1401\/revisions\/3165"}],"wp:attachment":[{"href":"https:\/\/www.fernandezvera.com\/es\/wp-json\/wp\/v2\/media?parent=1401"}],"curies":[{"name":"wp","href":"https:\/\/api.w.org\/{rel}","templated":true}]}}